{"id":3,"date":"2026-02-11T18:17:04","date_gmt":"2026-02-11T17:17:04","guid":{"rendered":"http:\/\/njstore.local\/?page_id=3"},"modified":"2026-03-01T01:22:05","modified_gmt":"2026-03-01T00:22:05","slug":"politique-de-confidentialite","status":"publish","type":"page","link":"https:\/\/njstore.ma\/ar\/politique-de-confidentialite\/","title":{"rendered":"\u0633\u064a\u0627\u0633\u0629 \u0627\u0644\u062e\u0635\u0648\u0635\u064a\u0629"},"content":{"rendered":"<div data-elementor-type=\"wp-page\" data-elementor-id=\"3\" class=\"elementor elementor-3\">\n\t\t\t\t<div class=\"elementor-element elementor-element-1ddea43a e-flex e-con-boxed e-con e-parent\" data-id=\"1ddea43a\" data-element_type=\"container\" data-e-type=\"container\">\n\t\t\t\t\t<div class=\"e-con-inner\">\n\t\t\t\t<div class=\"elementor-element elementor-element-7edd1c3 elementor-widget elementor-widget-text-editor\" data-id=\"7edd1c3\" data-element_type=\"widget\" data-e-type=\"widget\" data-widget_type=\"text-editor.default\">\n\t\t\t\t<div class=\"elementor-widget-container\">\n\t\t\t\t\t\t\t\t\t\n<p data-path-to-node=\"4\" class=\" translation-block\">\u0641\u0640 NJ Store (\u0644\u064a \u0643\u0627\u064a\u0646 \u0641\u0627\u0644\u0642\u0646\u064a\u0637\u0631\u0629)\u060c \u0643\u0646\u0639\u0637\u064a\u0648 \u0623\u0647\u0645\u064a\u0629 \u0643\u0628\u064a\u0631\u0629 \u0644\u062d\u0645\u0627\u064a\u0629 \u0627\u0644\u0645\u0639\u0644\u0648\u0645\u0627\u062a \u0627\u0644\u0634\u062e\u0635\u064a\u0629 \u062f\u064a\u0627\u0644\u0643. \u0647\u0627\u062f \u0627\u0644\u0635\u0641\u062d\u0629 \u0643\u062a\u0634\u0631\u062d \u0644\u064a\u0643 \u0634\u0646\u0648 \u0647\u0645\u0627 \u0627\u0644\u0645\u0639\u0644\u0648\u0645\u0627\u062a \u0644\u064a \u0643\u0646\u062c\u0645\u0639\u0648 \u0645\u0644\u064a \u0643\u062a\u062f\u062e\u0644 \u0644\u0644\u0633\u064a\u062a \u062f\u064a\u0627\u0644\u0646\u0627\u060c \u0643\u064a\u0641\u0627\u0634 \u0643\u0646\u062e\u062f\u0645\u0648 \u0628\u064a\u0647\u0645\u060c \u0648\u0643\u064a\u0641\u0627\u0634 \u0643\u0646\u062d\u0627\u0641\u0638\u0648 \u0639\u0644\u064a\u0647\u0645.<\/p>\n<p data-path-to-node=\"5\" class=\" translation-block\">1. \u0627\u0644\u0645\u0639\u0644\u0648\u0645\u0627\u062a \u0644\u064a \u0643\u0646\u062c\u0645\u0639\u0648\n\u0645\u0644\u064a \u0643\u062a\u062f\u0648\u0632 \u0634\u064a \u0643\u0648\u0645\u0648\u0646\u062f\u060c \u0648\u0644\u0627 \u0643\u0637\u0644\u0628 \u062f\u0648\u0641\u064a \u062f\u064a\u0627\u0644 \u0627\u0644\u0631\u064a\u0628\u0627\u0631\u0627\u0633\u064a\u0648\u0646\u060c \u0648\u0644\u0627 \u0643\u062a\u0647\u0636\u0631 \u0645\u0639\u0627\u0646\u0627 \u0641\u0627\u0644\u0648\u0627\u062a\u0633\u0627\u0628\u060c \u0643\u0646\u0642\u062f\u0631\u0648 \u0646\u0637\u0644\u0628\u0648 \u0645\u0646\u0643 \u0647\u0627\u062f \u0627\u0644\u0645\u0639\u0644\u0648\u0645\u0627\u062a:<\/p>\n<ul data-path-to-node=\"6\">\n<li>\n<p data-path-to-node=\"6,0,0\">\u0627\u0644\u0627\u0633\u0645 \u0648\u0627\u0644\u0646\u0633\u0628<\/p>\n<\/li>\n<li>\n<p data-path-to-node=\"6,1,0\">\u0631\u0642\u0645 \u0627\u0644\u062a\u0644\u064a\u0641\u0648\u0646 (\u0648\u0627\u062a\u0633\u0627\u0628)<\/p>\n<\/li>\n<li>\n<p data-path-to-node=\"6,2,0\">\u0627\u0644\u0639\u0646\u0648\u0627\u0646 \u0641\u064a\u0646 \u063a\u0646\u0648\u0635\u0644\u0648 \u0644\u064a\u0643 \u0627\u0644\u0633\u0644\u0639\u0629<\/p>\n<\/li>\n<li>\n<p data-path-to-node=\"6,3,0\">\u0645\u0639\u0644\u0648\u0645\u0627\u062a \u0639\u0644\u0649 \u0627\u0644\u062c\u0647\u0627\u0632 \u062f\u064a\u0627\u0644\u0643 (\u0627\u0644\u0646\u0648\u0639 \u062f\u064a\u0627\u0644 \u0627\u0644\u0643\u0648\u0646\u0633\u0648\u0644\u060c \u0648\u0627\u0644\u0645\u0634\u0643\u0644 \u0644\u064a \u0641\u064a\u0647)<\/p>\n<\/li>\n<\/ul>\n<p data-path-to-node=\"7\" class=\" translation-block\">2. \u0643\u064a\u0641\u0627\u0634 \u0643\u0646\u0633\u062a\u0639\u0645\u0644\u0648 \u0647\u0627\u062f \u0627\u0644\u0645\u0639\u0644\u0648\u0645\u0627\u062a\u061f\n\u0627\u0644\u0645\u0639\u0644\u0648\u0645\u0627\u062a \u062f\u064a\u0627\u0644\u0643 \u0643\u0646\u062e\u062f\u0645\u0648 \u0628\u064a\u0647\u0645 \u063a\u064a\u0631 \u0628\u0627\u0634 \u0646\u0642\u062f\u0645\u0648 \u0644\u064a\u0643 \u062e\u062f\u0645\u0629 \u0646\u0642\u064a\u0629:<\/p>\n<ul data-path-to-node=\"8\">\n<li>\n<p data-path-to-node=\"8,0,0\">\u0646\u0648\u062c\u062f\u0648 \u0648\u0646\u0635\u064a\u0641\u0637\u0648 \u0644\u064a\u0643 \u0644\u0627\u0643\u0648\u0645\u0648\u0646\u062f \u062f\u064a\u0627\u0644\u0643.<\/p>\n<\/li>\n<li>\n<p data-path-to-node=\"8,1,0\">\u0646\u062a\u0648\u0627\u0635\u0644\u0648 \u0645\u0639\u0627\u0643 \u0639\u0644\u0649 \u0642\u0628\u0644 \u0627\u0644\u062f\u064a\u0627\u0643\u0646\u0648\u0633\u062a\u064a\u0643 \u0648\u0644\u0627 \u0641\u064a\u0646 \u0648\u0635\u0644\u0627\u062a \u0627\u0644\u0631\u064a\u0628\u0627\u0631\u0627\u0633\u064a\u0648\u0646 \u062f\u064a\u0627\u0644 \u062c\u0647\u0627\u0632\u0643.<\/p>\n<\/li>\n<li>\n<p data-path-to-node=\"8,2,0\">\u0646\u0635\u064a\u0641\u0637\u0648 \u0644\u064a\u0643 \u0645\u0639\u0644\u0648\u0645\u0627\u062a \u0639\u0644\u0649 \u0627\u0644\u062a\u0648\u0635\u064a\u0644 (\u0627\u0644\u0631\u0648\u062a\u0648\u0631\u060c \u0627\u0644\u062a\u062a\u0628\u0639).<\/p>\n<\/li>\n<\/ul>\n<p data-path-to-node=\"9\" class=\" translation-block\">3. \u0645\u0639\u0627\u0645\u0646 \u0643\u0646\u0634\u0627\u0631\u0643\u0648 \u0645\u0639\u0644\u0648\u0645\u0627\u062a\u0643\u061f\n\u062d\u0646\u0627 \u0639\u0645\u0631\u0646\u0627 \u0645\u0627 \u0643\u0646\u0628\u064a\u0639\u0648 \u0648\u0644\u0627 \u0643\u0646\u0643\u0631\u064a\u0648 \u0627\u0644\u0645\u0639\u0644\u0648\u0645\u0627\u062a \u062f\u064a\u0627\u0644\u0643 \u0644\u0634\u064a \u062c\u0647\u0629 \u0623\u062e\u0631\u0649. \u0627\u0644\u0645\u0639\u0644\u0648\u0645\u0627\u062a \u062f\u064a\u0627\u0644\u0643 (\u0627\u0644\u0633\u0645\u064a\u0629\u060c \u0627\u0644\u0639\u0646\u0648\u0627\u0646\u060c \u0627\u0644\u0646\u0645\u0631\u0629) \u0643\u0646\u0634\u0627\u0631\u0643\u0648\u0647\u0645 \u063a\u064a\u0631 \u0645\u0639 \u0634\u0631\u0643\u0627\u062a \u0627\u0644\u062a\u0648\u0635\u064a\u0644 \u0644\u064a \u0643\u0646\u062a\u0639\u0627\u0645\u0644\u0648 \u0645\u0639\u0627\u0647\u0645 (Cathedis, \u0623\u0645\u0627\u0646\u0629) \u063a\u064a\u0631 \u0628\u0627\u0634 \u064a\u0642\u062f\u0631\u0648 \u064a\u0648\u0635\u0644\u0648 \u0644\u064a\u0643 \u0627\u0644\u0623\u0645\u0627\u0646\u0629 \u062f\u064a\u0627\u0644\u0643 \u062d\u062a\u0649 \u0644\u0644\u062f\u0627\u0631.<\/p>\n<p data-path-to-node=\"10\" class=\" translation-block\">4. \u0627\u0644\u062d\u0645\u0627\u064a\u0629 \u062f\u064a\u0627\u0644 \u0645\u0639\u0644\u0648\u0645\u0627\u062a\u0643\n\u0643\u0646\u062f\u064a\u0631\u0648 \u06af\u0627\u0639 \u0627\u0644\u0645\u062c\u0647\u0648\u062f\u0627\u062a \u062f\u064a\u0627\u0644\u0646\u0627 \u0628\u0627\u0634 \u0646\u062d\u0645\u064a\u0648 \u0645\u0639\u0644\u0648\u0645\u0627\u062a\u0643 \u0645\u0646 \u0623\u064a \u0627\u062e\u062a\u0631\u0627\u0642. \u0627\u0644\u0633\u064a\u062a \u062f\u064a\u0627\u0644\u0646\u0627 \u0643\u064a\u062e\u062f\u0645 \u0628\u0640 HTTPS\u060c \u064a\u0639\u0646\u064a \u0623\u064a \u062d\u0627\u062c\u0629 \u0643\u062a\u062f\u062e\u0644\u0647\u0627 (\u0641\u0627\u0644\u0633\u0644\u0629 \u0648\u0644\u0627 \u0641\u0627\u0644\u0641\u0648\u0631\u0645\u064a\u0644\u064a\u0631 \u062f\u064a\u0627\u0644 \u0627\u0644\u062f\u0648\u0641\u064a) \u0643\u062a\u0643\u0648\u0646 \u0645\u0634\u0641\u0631\u0629 \u0648\u0645\u062d\u0645\u064a\u0629 100%.<\/p>\n<p data-path-to-node=\"11\" class=\" translation-block\">5. \u0627\u0644\u062d\u0642\u0648\u0642 \u062f\u064a\u0627\u0644\u0643\n\u0645\u0646 \u062d\u0642\u0643 \u0641\u0623\u064a \u0648\u0642\u062a \u062a\u0637\u0644\u0628 \u0645\u0646\u0627 \u0646\u0628\u062f\u0644\u0648 \u0648\u0644\u0627 \u0646\u0645\u0633\u062d\u0648 \u0627\u0644\u0645\u0639\u0644\u0648\u0645\u0627\u062a \u0627\u0644\u0634\u062e\u0635\u064a\u0629 \u062f\u064a\u0627\u0644\u0643 \u0645\u0646 \u0627\u0644\u0633\u064a\u062a. \u0628\u0627\u0634 \u062f\u064a\u0631 \u0647\u0627\u062f\u0634\u064a\u060c \u064a\u0643\u0641\u064a \u062a\u0648\u0627\u0635\u0644 \u0645\u0639\u0627\u0646\u0627 \u062f\u064a\u0631\u064a\u0643\u062a \u0641\u0627\u0644\u0648\u0627\u062a\u0633\u0627\u0628.<\/p>\t\t\t\t\t\t\t\t<\/div>\n\t\t\t\t<\/div>\n\t\t\t\t\t<\/div>\n\t\t\t\t<\/div>\n\t\t\t\t<\/div>","protected":false},"excerpt":{"rendered":"<p>Introduction Chez NJ Store (bas\u00e9 \u00e0 K\u00e9nitra), nous accordons une grande importance \u00e0 la protection de vos donn\u00e9es personnelles. Cette politique de confidentialit\u00e9 explique quelles informations nous collectons lorsque vous utilisez notre site web, comment nous les utilisons et comment nous les prot\u00e9geons. 1. Les informations que nous collectons Lorsque vous passez une commande, demandez [&hellip;]<\/p>\n","protected":false},"author":1,"featured_media":0,"parent":0,"menu_order":0,"comment_status":"closed","ping_status":"open","template":"","meta":{"site-sidebar-layout":"default","site-content-layout":"","ast-site-content-layout":"default","site-content-style":"default","site-sidebar-style":"default","ast-global-header-display":"","ast-banner-title-visibility":"","ast-main-header-display":"","ast-hfb-above-header-display":"","ast-hfb-below-header-display":"","ast-hfb-mobile-header-display":"","site-post-title":"disabled","ast-breadcrumbs-content":"","ast-featured-img":"","footer-sml-layout":"","ast-disable-related-posts":"","theme-transparent-header-meta":"","adv-header-id-meta":"","stick-header-meta":"","header-above-stick-meta":"","header-main-stick-meta":"","header-below-stick-meta":"","astra-migrate-meta-layouts":"set","ast-page-background-enabled":"default","ast-page-background-meta":{"desktop":{"background-color":"","background-image":"","background-repeat":"repeat","background-position":"center center","background-size":"auto","background-attachment":"scroll","background-type":"","background-media":"","overlay-type":"","overlay-color":"","overlay-opacity":"","overlay-gradient":""},"tablet":{"background-color":"","background-image":"","background-repeat":"repeat","background-position":"center center","background-size":"auto","background-attachment":"scroll","background-type":"","background-media":"","overlay-type":"","overlay-color":"","overlay-opacity":"","overlay-gradient":""},"mobile":{"background-color":"","background-image":"","background-repeat":"repeat","background-position":"center center","background-size":"auto","background-attachment":"scroll","background-type":"","background-media":"","overlay-type":"","overlay-color":"","overlay-opacity":"","overlay-gradient":""}},"ast-content-background-meta":{"desktop":{"background-color":"var(--ast-global-color-5)","background-image":"","background-repeat":"repeat","background-position":"center center","background-size":"auto","background-attachment":"scroll","background-type":"","background-media":"","overlay-type":"","overlay-color":"","overlay-opacity":"","overlay-gradient":""},"tablet":{"background-color":"var(--ast-global-color-5)","background-image":"","background-repeat":"repeat","background-position":"center center","background-size":"auto","background-attachment":"scroll","background-type":"","background-media":"","overlay-type":"","overlay-color":"","overlay-opacity":"","overlay-gradient":""},"mobile":{"background-color":"var(--ast-global-color-5)","background-image":"","background-repeat":"repeat","background-position":"center center","background-size":"auto","background-attachment":"scroll","background-type":"","background-media":"","overlay-type":"","overlay-color":"","overlay-opacity":"","overlay-gradient":""}},"footnotes":""},"class_list":["post-3","page","type-page","status-publish","hentry"],"_links":{"self":[{"href":"https:\/\/njstore.ma\/ar\/wp-json\/wp\/v2\/pages\/3","targetHints":{"allow":["GET"]}}],"collection":[{"href":"https:\/\/njstore.ma\/ar\/wp-json\/wp\/v2\/pages"}],"about":[{"href":"https:\/\/njstore.ma\/ar\/wp-json\/wp\/v2\/types\/page"}],"author":[{"embeddable":true,"href":"https:\/\/njstore.ma\/ar\/wp-json\/wp\/v2\/users\/1"}],"replies":[{"embeddable":true,"href":"https:\/\/njstore.ma\/ar\/wp-json\/wp\/v2\/comments?post=3"}],"version-history":[{"count":4,"href":"https:\/\/njstore.ma\/ar\/wp-json\/wp\/v2\/pages\/3\/revisions"}],"predecessor-version":[{"id":4816,"href":"https:\/\/njstore.ma\/ar\/wp-json\/wp\/v2\/pages\/3\/revisions\/4816"}],"wp:attachment":[{"href":"https:\/\/njstore.ma\/ar\/wp-json\/wp\/v2\/media?parent=3"}],"curies":[{"name":"wp","href":"https:\/\/api.w.org\/{rel}","templated":true}]}}