{"id":3385,"date":"2026-02-20T10:42:00","date_gmt":"2026-02-20T09:42:00","guid":{"rendered":"http:\/\/njstore.local\/?page_id=3385"},"modified":"2026-03-11T16:27:51","modified_gmt":"2026-03-11T15:27:51","slug":"conditions-generales-de-vente-cgv","status":"publish","type":"page","link":"https:\/\/njstore.ma\/ar\/conditions-generales-de-vente-cgv\/","title":{"rendered":"\u0627\u0644\u0634\u0631\u0648\u0637 \u0648\u0627\u0644\u0623\u062d\u0643\u0627\u0645 \u0627\u0644\u0639\u0627\u0645\u0629 \u0644\u0644\u0628\u064a\u0639"},"content":{"rendered":"<div data-elementor-type=\"wp-page\" data-elementor-id=\"3385\" class=\"elementor elementor-3385\">\n\t\t\t\t\t\t<header class=\"elementor-section elementor-top-section elementor-element elementor-element-n5phmjb elementor-reverse-mobile elementor-section-boxed elementor-section-height-default elementor-section-height-default\" data-id=\"n5phmjb\" data-element_type=\"section\" data-e-type=\"section\" data-settings=\"{&quot;background_background&quot;:&quot;classic&quot;}\">\n\t\t\t\t\t\t\t<div class=\"elementor-background-overlay\"><\/div>\n\t\t\t\t\t\t\t<div class=\"elementor-container elementor-column-gap-default\">\n\t\t\t\t\t<div class=\"elementor-column elementor-col-100 elementor-top-column elementor-element elementor-element-84bddbe\" data-id=\"84bddbe\" data-element_type=\"column\" data-e-type=\"column\">\n\t\t\t<div class=\"elementor-widget-wrap elementor-element-populated\">\n\t\t\t\t\t\t<div class=\"elementor-element elementor-element-488fdeb elementor-widget elementor-widget-heading\" data-id=\"488fdeb\" data-element_type=\"widget\" data-e-type=\"widget\" data-widget_type=\"heading.default\">\n\t\t\t\t<div class=\"elementor-widget-container\">\n\t\t\t\t\t<h1 class=\"elementor-heading-title elementor-size-default\"><header class=\"entry-header ast-header-without-markup\" style=\"font-family: Afacad, sans-serif;font-size: 20px;font-weight: 500;text-transform: none\"><h1 class=\"entry-title\" style=\"font-weight: 400\"><u>\u0627\u0644\u0634\u0631\u0648\u0637 \u0648\u0627\u0644\u0623\u062d\u0643\u0627\u0645 \u0627\u0644\u0639\u0627\u0645\u0629 \u0644\u0644\u0628\u064a\u0639<\/u><\/h1><\/header><\/h1>\t\t\t\t<\/div>\n\t\t\t\t<\/div>\n\t\t\t\t<div class=\"elementor-element elementor-element-a92741d elementor-widget elementor-widget-heading\" data-id=\"a92741d\" data-element_type=\"widget\" data-e-type=\"widget\" data-widget_type=\"heading.default\">\n\t\t\t\t<div class=\"elementor-widget-container\">\n\t\t\t\t\t<h1 class=\"elementor-heading-title elementor-size-default\">\u0627\u0644\u0634\u0631\u0648\u0637 \u0648\u0627\u0644\u0623\u062d\u0643\u0627\u0645 \u0627\u0644\u0639\u0627\u0645\u0629 \u0644\u0644\u0628\u064a\u0639<\/h1>\t\t\t\t<\/div>\n\t\t\t\t<\/div>\n\t\t\t\t<div class=\"elementor-element elementor-element-907cf61 elementor-widget-divider--view-line_text elementor-widget-divider--element-align-left elementor-widget-divider--separator-type-pattern elementor-widget elementor-widget-divider\" data-id=\"907cf61\" data-element_type=\"widget\" data-e-type=\"widget\" data-widget_type=\"divider.default\">\n\t\t\t\t<div class=\"elementor-widget-container\">\n\t\t\t\t\t\t\t<div class=\"elementor-divider\" style=\"--divider-pattern-url: url(&quot;data:image\/svg+xml,%3Csvg xmlns=&#039;http:\/\/www.w3.org\/2000\/svg&#039; preserveAspectRatio=&#039;none&#039; overflow=&#039;visible&#039; height=&#039;100%&#039; viewBox=&#039;0 0 20 16&#039; fill=&#039;none&#039; stroke=&#039;black&#039; stroke-width=&#039;3&#039; stroke-linecap=&#039;square&#039; stroke-miterlimit=&#039;10&#039;%3E%3Cg transform=&#039;translate(-12.000000, 0)&#039;%3E%3Cpath d=&#039;M28,0L10,18&#039;\/%3E%3Cpath d=&#039;M18,0L0,18&#039;\/%3E%3Cpath d=&#039;M48,0L30,18&#039;\/%3E%3Cpath d=&#039;M38,0L20,18&#039;\/%3E%3C\/g%3E%3C\/svg%3E&quot;);\">\n\t\t\t<span class=\"elementor-divider-separator\">\n\t\t\t\t\t\t<\/span>\n\t\t<\/div>\n\t\t\t\t\t\t<\/div>\n\t\t\t\t<\/div>\n\t\t\t\t<div class=\"elementor-element elementor-element-9985388 elementor-widget elementor-widget-text-editor\" data-id=\"9985388\" data-element_type=\"widget\" data-e-type=\"widget\" data-widget_type=\"text-editor.default\">\n\t\t\t\t<div class=\"elementor-widget-container\">\n\t\t\t\t\t\t\t\t\t<p data-path-to-node=\"5\">\u00a0\u0645\u0631\u062d\u0628\u0627 \u0628\u0643\u0645 \u0641\u0627\u0644\u0633\u064a\u062a \u062f\u064a\u0627\u0644 NJ Store. \u0647\u0627\u062f \u0627\u0644\u0634\u0631\u0648\u0637 \u0627\u0644\u0639\u0627\u0645\u0629 \u0644\u0644\u0628\u064a\u0639 \u0643\u062a\u0646\u0638\u0645 \u0639\u0645\u0644\u064a\u0627\u062a \u0634\u0631\u0627\u0621 \u0627\u0644\u0645\u0646\u062a\u062c\u0627\u062a (\u0627\u0643\u0633\u0633\u0648\u0627\u0631\u0627\u062a\u060c \u0628\u064a\u0627\u0633) \u0648\u0627\u0644\u062e\u062f\u0645\u0627\u062a (\u0631\u064a\u0628\u0627\u0631\u0627\u0633\u064a\u0648\u0646\u060c \u0645\u0627\u064a\u0643\u0631\u0648-\u0633\u0648\u062f\u0648\u0631) \u0644\u064a \u0643\u064a\u062f\u0627\u0631\u0648 \u0641\u0627\u0644\u0633\u064a\u062a \u062f\u064a\u0627\u0644\u0646\u0627 \u0648\u0644\u0627 \u0641\u0627\u0644\u0648\u0631\u0634\u0629 \u062f\u064a\u0627\u0644\u0646\u0627 \u0641\u0627\u0644\u0642\u0646\u064a\u0637\u0631\u0629.<\/p><p data-path-to-node=\"6\" class=\" translation-block\">\u0627\u0644\u0628\u0646\u062f 1: \u0627\u0644\u062b\u0645\u0646 \u0648\u0627\u0644\u0623\u062f\u0627\u0621\n\u0627\u0644\u0623\u062b\u0645\u0646\u0629 \u062f\u064a\u0627\u0644\u0646\u0627 \u0643\u0644\u0647\u0627 \u0628\u0627\u0644\u062f\u0631\u0647\u0645 \u0627\u0644\u0645\u063a\u0631\u0628\u064a (MAD). \u0628\u0627\u0634 \u0646\u0636\u0645\u0646\u0648 \u0627\u0644\u0631\u0627\u062d\u0629 \u062f\u064a\u0627\u0644 \u0627\u0644\u0643\u0644\u064a\u0627\u0646\u060c \u0643\u0646\u062e\u062f\u0645\u0648 \u0628\u0640 \"\u0627\u0644\u062f\u0641\u0639 \u0639\u0646\u062f \u0627\u0644\u0627\u0633\u062a\u0644\u0627\u0645\". \u064a\u0639\u0646\u064a \u0643\u062a\u062e\u0644\u0635 \u0644\u0627\u0643\u0648\u0645\u0648\u0646\u062f \u062f\u064a\u0627\u0644\u0643 \u0643\u0627\u0634 \u062d\u062a\u0649 \u0643\u062a\u0648\u0635\u0644\u0643 \u0628\u064a\u0646 \u064a\u062f\u064a\u0643 \u0645\u0639 \u0627\u0644\u0644\u064a\u0641\u0631\u0648\u0631 \u0648\u0644\u0627 \u0645\u0644\u064a \u0643\u062a\u062c\u064a \u062a\u0627\u062e\u062f\u0647\u0627 \u0645\u0646 \u0627\u0644\u0645\u062d\u0644.<\/p><p data-path-to-node=\"7\" class=\" translation-block\">\u0627\u0644\u0628\u0646\u062f 2: \u0627\u0644\u062a\u0648\u0635\u064a\u0644\n\u0643\u0646\u0648\u0635\u0644\u0648 \u0627\u0644\u0633\u0644\u0639\u0629 \u0644\u062c\u0645\u064a\u0639 \u0645\u062f\u0646 \u0627\u0644\u0645\u063a\u0631\u0628 \u0645\u0639 \u0627\u0644\u0634\u0631\u0643\u0627\u062a \u0644\u064a \u0643\u0646\u062a\u0639\u0627\u0645\u0644\u0648 \u0645\u0639\u0627\u0647\u0645 (Cathedis \u0648 Amana). \u063a\u0627\u0644\u0628\u0627 \u0643\u064a\u0648\u0635\u0644\u0643 \u0627\u0644\u0643\u0648\u0644\u064a \u0641\u0638\u0631\u0641 24 \u062d\u062a\u0649 48 \u0633\u0627\u0639\u0629. NJ Store \u0643\u062a\u062f\u064a\u0631 \u062c\u0647\u062f\u0647\u0627 \u0628\u0627\u0634 \u062a\u0635\u064a\u0641\u0637 \u0644\u0627\u0643\u0648\u0645\u0648\u0646\u062f \u0641\u0627\u0644\u0628\u0644\u0627\u0635\u0629\u060c \u0648\u0644\u0643\u0646 \u0645\u0627\u0646\u062a\u062d\u0645\u0644\u0648\u0634 \u0645\u0633\u0624\u0648\u0644\u064a\u0629 \u0627\u0644\u062a\u0639\u0637\u0627\u0644 \u064a\u0644\u0627 \u0643\u0627\u0646 \u0645\u0646 \u0639\u0646\u062f \u0634\u0631\u0643\u0629 \u0627\u0644\u062a\u0648\u0635\u064a\u0644.<\/p><p data-path-to-node=\"8\"><b data-path-to-node=\"8\" data-index-in-node=\"0\">\u0627\u0644\u0628\u0646\u062f 3: \u062e\u062f\u0645\u0627\u062a \u0627\u0644\u0625\u0635\u0644\u0627\u062d \u0648\u0627\u0644\u0645\u0627\u064a\u0643\u0631\u0648-\u0633\u0648\u062f\u0648\u0631<\/b><\/p><ul data-path-to-node=\"9\"><li><p data-path-to-node=\"9,0,0\" class=\" translation-block\">- \u0627\u0644\u062f\u064a\u0627\u0643\u0646\u0648\u0633\u062a\u064a\u0643: \u0623\u064a \u062c\u0647\u0627\u0632 \u0648\u0635\u0644\u0646\u064a \u0643\u062f\u064a\u0631\u0648 \u0644\u064a\u0647 \u062f\u064a\u0627\u0643\u0646\u0648\u0633\u062a\u064a\u0643 \u0648\u0643\u0646\u0639\u0637\u064a\u0648\u0643 \u062f\u0648\u0641\u064a (\u062b\u0645\u0646 \u0627\u0644\u0625\u0635\u0644\u0627\u062d) \u0642\u0628\u0644 \u0645\u0627 \u0646\u062e\u062f\u0645\u0648 \u0641\u064a\u0647.<\/p><\/li><li><p data-path-to-node=\"9,1,0\" class=\" translation-block\">- \u0645\u062e\u0627\u0637\u0631 \u0627\u0644\u0645\u0627\u064a\u0643\u0631\u0648-\u0633\u0648\u062f\u0648\u0631: \u0627\u0644\u062e\u062f\u0645\u0629 \u0627\u0644\u0645\u0639\u0642\u062f\u0629 \u0641\u0640 \u0627\u0644\u0643\u0627\u0631\u0637 \u0645\u064a\u0631 (Carte m\u00e8re) \u0641\u064a\u0647\u0627 \u0631\u064a\u0633\u0643. \u0645\u0644\u064a \u0643\u062a\u0642\u0628\u0644 \u0627\u0644\u062f\u0648\u0641\u064a\u060c \u0643\u062a\u0642\u0628\u0644 \u0628\u0644\u064a NJ Store \u0645\u0627\u0634\u064a \u0645\u0633\u0624\u0648\u0644\u0629 \u064a\u0644\u0627 \u0643\u0627\u0646 \u0627\u0644\u062c\u0647\u0627\u0632 \u0623\u0635\u0644\u0627 \u0648\u0627\u0643\u0644 \u0627\u0644\u062f\u0642 \u0628\u0632\u0627\u0641 \u0623\u0648 \u0641\u0627\u0632\u06af (oxyd\u00e9) \u0648\u0645\u0627\u0628\u063a\u0627\u0634 \u064a\u062e\u062f\u0645 \u0628\u0635\u0641\u0629 \u0646\u0647\u0627\u0626\u064a\u0629 \u0641\u0645\u062d\u0627\u0648\u0644\u0629 \u0627\u0644\u0625\u0635\u0644\u0627\u062d.<\/p><\/li><li><p data-path-to-node=\"9,2,0\" class=\" translation-block\">\u0627\u0644\u0623\u062c\u0647\u0632\u0629 \u0644\u064a \u0645\u0627\u062e\u062f\u0627\u0648\u0647\u0627\u0634 \u0645\u0648\u0627\u0644\u064a\u0647\u0627: \u0623\u064a \u062c\u0647\u0627\u0632 \u062f\u0627\u0632\u062a \u0639\u0644\u064a\u0647 60 \u064a\u0648\u0645 \u0645\u0646 \u0646\u0647\u0627\u0631 \u0639\u0644\u0645\u0646\u0627\u0643 \u0628\u0644\u064a \u0631\u0627\u0647 \u0648\u0627\u062c\u062f \u0648\u0645\u0627\u0628\u0642\u064a\u062a\u064a\u0634 \u0633 \u0633\u0648\u0644\u062a\u064a \u0641\u064a\u0647\u060c \u0643\u064a\u062a\u0639\u0628\u0631 \u0645\u062a\u062e\u0644\u0649 \u0639\u0644\u064a\u0647.<\/p><\/li><\/ul><p data-path-to-node=\"10\"><b data-path-to-node=\"10\" data-index-in-node=\"0\">\u0627\u0644\u0628\u0646\u062f 4: \u0627\u0644\u062a\u0628\u062f\u064a\u0644 \u0648\u0627\u0644\u0636\u0645\u0627\u0646 (\u0627\u0644\u06af\u0627\u0631\u0627\u0646\u062a\u064a)<\/b><\/p><ul data-path-to-node=\"11\"><li><p data-path-to-node=\"11,0,0\" class=\" translation-block\">- \u0627\u0644\u0633\u0644\u0639\u0629 \u0627\u0644\u062c\u062f\u064a\u062f\u0629: \u064a\u0644\u0627 \u0634\u0631\u064a\u062a\u064a \u0634\u064a \u0628\u0631\u0648\u062f\u0648\u064a \u0648\u0644\u0642\u064a\u062a\u064a \u0641\u064a\u0647 \u062f\u064a\u0641\u0648 \u062f\u064a\u0627\u0644 \u0627\u0644\u0634\u0631\u064a\u0643\u0629\u060c \u0639\u0646\u062f\u0643 7 \u0623\u064a\u0627\u0645 \u0645\u0646 \u0646\u0647\u0627\u0631 \u0627\u0633\u062a\u0644\u0645\u062a\u064a\u0647 \u0628\u0627\u0634 \u062a\u0637\u0644\u0628 \u0627\u0644\u062a\u0628\u062f\u064a\u0644. \u0627\u0644\u0633\u0644\u0639\u0629 \u062e\u0627\u0635\u0647\u0627 \u062a\u0631\u062c\u0639 \u0641\u0644\u0648\u0645\u0628\u0627\u0644\u0627\u062c \u062f\u064a\u0627\u0644\u0647\u0627.<\/p><\/li><li><p data-path-to-node=\"11,1,0\" class=\" translation-block\">- \u06af\u0627\u0631\u0627\u0646\u062a\u064a \u0627\u0644\u0625\u0635\u0644\u0627\u062d: \u0627\u0644\u062e\u062f\u0645\u0629 \u062f\u064a\u0627\u0644\u0646\u0627 \u0641\u064a\u0647\u0627 \u06af\u0627\u0631\u0627\u0646\u062a\u064a (\u0627\u0644\u0645\u062f\u0629 \u0643\u062a\u0643\u0648\u0646 \u0645\u0643\u062a\u0648\u0628\u0629 \u0641\u0627\u0644\u0641\u0627\u062a\u0648\u0631\u0629). \u0647\u0627\u062f \u0627\u0644\u06af\u0627\u0631\u0627\u0646\u062a\u064a \u0643\u064a\u0634\u0645\u0644 \u063a\u064a\u0631 \u0627\u0644\u0628\u064a\u0627\u0633\u0629 \u0644\u064a \u0628\u062f\u0644\u0646\u0627 \u0648\u0627\u0644\u062e\u062f\u0645\u0629 \u062f\u064a\u0627\u0644 \u064a\u062f\u0646\u0627. \u0627\u0644\u06af\u0627\u0631\u0627\u0646\u062a\u064a \u0643\u064a\u0637\u064a\u062d \u064a\u0644\u0627 \u062a\u062d\u0644 \u0627\u0644\u062c\u0647\u0627\u0632 \u0645\u0646 \u0639\u0646\u062f \u0634\u064a \u0648\u0627\u062d\u062f \u0623\u062e\u0631\u060c \u0648\u0644\u0627 \u0637\u0627\u062d\u060c \u0648\u0644\u0627 \u062a\u0642\u0627\u0633 \u0628\u0627\u0644\u0645\u0627 \u0645\u0646 \u0628\u0639\u062f \u0645\u0627 \u0635\u0627\u0648\u0628\u0646\u0627\u0647.<\/p><\/li><\/ul><p data-path-to-node=\"12\" class=\" translation-block\">\u0627\u0644\u0628\u0646\u062f 5: \u0627\u0644\u0646\u0632\u0627\u0639\u0627\u062a\n\u0641\u062d\u0627\u0644 \u0648\u0642\u0639 \u0634\u064a \u0645\u0634\u0643\u0644\u060c \u062f\u064a\u0645\u0627 \u0643\u0646\u0642\u0644\u0628\u0648 \u0639\u0644\u0649 \u0627\u0644\u062d\u0644 \u0627\u0644\u0648\u062f\u064a \u0647\u0648 \u0627\u0644\u0623\u0648\u0644. \u064a\u0644\u0627 \u0645\u0627\u062a\u0641\u0627\u0647\u0645\u0646\u0627\u0634\u060c \u0627\u0644\u0645\u062d\u0627\u0643\u0645 \u062f\u064a\u0627\u0644 \u0627\u0644\u0642\u0646\u064a\u0637\u0631\u0629 \u0647\u064a \u0644\u064a \u0645\u0643\u0644\u0641\u0629.<\/p>\t\t\t\t\t\t\t\t<\/div>\n\t\t\t\t<\/div>\n\t\t\t\t\t<\/div>\n\t\t<\/div>\n\t\t\t\t\t<\/div>\n\t\t<\/header>\n\t\t\t\t<\/div>","protected":false},"excerpt":{"rendered":"<p>Conditions G\u00e9n\u00e9rales de Vente (CGV) Conditions G\u00e9n\u00e9rales de Vente (CGV) \u00a0Bienvenue sur le site de NJ Store. Les pr\u00e9sentes Conditions G\u00e9n\u00e9rales de Vente r\u00e9gissent les achats de produits (accessoires, pi\u00e8ces d\u00e9tach\u00e9es) et les prestations de services (r\u00e9parations \u00e9lectroniques, micro-soudure) effectu\u00e9s sur notre site ou dans notre atelier \u00e0 K\u00e9nitra. Article 1 : Prix et Paiement [&hellip;]<\/p>\n","protected":false},"author":1,"featured_media":0,"parent":0,"menu_order":0,"comment_status":"closed","ping_status":"closed","template":"","meta":{"site-sidebar-layout":"no-sidebar","site-content-layout":"page-builder","ast-site-content-layout":"full-width-container","site-content-style":"default","site-sidebar-style":"default","ast-global-header-display":"","ast-banner-title-visibility":"","ast-main-header-display":"","ast-hfb-above-header-display":"","ast-hfb-below-header-display":"","ast-hfb-mobile-header-display":"","site-post-title":"disabled","ast-breadcrumbs-content":"","ast-featured-img":"disabled","footer-sml-layout":"","ast-disable-related-posts":"","theme-transparent-header-meta":"","adv-header-id-meta":"","stick-header-meta":"","header-above-stick-meta":"","header-main-stick-meta":"","header-below-stick-meta":"","astra-migrate-meta-layouts":"set","ast-page-background-enabled":"default","ast-page-background-meta":{"desktop":{"background-color":"","background-image":"","background-repeat":"repeat","background-position":"center center","background-size":"auto","background-attachment":"scroll","background-type":"","background-media":"","overlay-type":"","overlay-color":"","overlay-opacity":"","overlay-gradient":""},"tablet":{"background-color":"","background-image":"","background-repeat":"repeat","background-position":"center center","background-size":"auto","background-attachment":"scroll","background-type":"","background-media":"","overlay-type":"","overlay-color":"","overlay-opacity":"","overlay-gradient":""},"mobile":{"background-color":"","background-image":"","background-repeat":"repeat","background-position":"center center","background-size":"auto","background-attachment":"scroll","background-type":"","background-media":"","overlay-type":"","overlay-color":"","overlay-opacity":"","overlay-gradient":""}},"ast-content-background-meta":{"desktop":{"background-color":"var(--ast-global-color-5)","background-image":"","background-repeat":"repeat","background-position":"center center","background-size":"auto","background-attachment":"scroll","background-type":"","background-media":"","overlay-type":"","overlay-color":"","overlay-opacity":"","overlay-gradient":""},"tablet":{"background-color":"var(--ast-global-color-5)","background-image":"","background-repeat":"repeat","background-position":"center center","background-size":"auto","background-attachment":"scroll","background-type":"","background-media":"","overlay-type":"","overlay-color":"","overlay-opacity":"","overlay-gradient":""},"mobile":{"background-color":"var(--ast-global-color-5)","background-image":"","background-repeat":"repeat","background-position":"center center","background-size":"auto","background-attachment":"scroll","background-type":"","background-media":"","overlay-type":"","overlay-color":"","overlay-opacity":"","overlay-gradient":""}},"footnotes":""},"class_list":["post-3385","page","type-page","status-publish","hentry"],"_links":{"self":[{"href":"https:\/\/njstore.ma\/ar\/wp-json\/wp\/v2\/pages\/3385","targetHints":{"allow":["GET"]}}],"collection":[{"href":"https:\/\/njstore.ma\/ar\/wp-json\/wp\/v2\/pages"}],"about":[{"href":"https:\/\/njstore.ma\/ar\/wp-json\/wp\/v2\/types\/page"}],"author":[{"embeddable":true,"href":"https:\/\/njstore.ma\/ar\/wp-json\/wp\/v2\/users\/1"}],"replies":[{"embeddable":true,"href":"https:\/\/njstore.ma\/ar\/wp-json\/wp\/v2\/comments?post=3385"}],"version-history":[{"count":11,"href":"https:\/\/njstore.ma\/ar\/wp-json\/wp\/v2\/pages\/3385\/revisions"}],"predecessor-version":[{"id":5036,"href":"https:\/\/njstore.ma\/ar\/wp-json\/wp\/v2\/pages\/3385\/revisions\/5036"}],"wp:attachment":[{"href":"https:\/\/njstore.ma\/ar\/wp-json\/wp\/v2\/media?parent=3385"}],"curies":[{"name":"wp","href":"https:\/\/api.w.org\/{rel}","templated":true}]}}