{"id":3404,"date":"2026-03-01T01:28:09","date_gmt":"2026-03-01T00:28:09","guid":{"rendered":"http:\/\/njstore.local\/?page_id=3404"},"modified":"2026-03-11T17:31:33","modified_gmt":"2026-03-11T16:31:33","slug":"remboursements_retours","status":"publish","type":"page","link":"https:\/\/njstore.ma\/ar\/remboursements_retours\/","title":{"rendered":"\u0633\u064a\u0627\u0633\u0629 \u0627\u0644\u062a\u0628\u062f\u064a\u0644 \u0648\u0627\u0644\u062a\u0631\u062c\u064a\u0639"},"content":{"rendered":"<div data-elementor-type=\"wp-page\" data-elementor-id=\"3404\" class=\"elementor elementor-3404\">\n\t\t\t\t<div class=\"elementor-element elementor-element-3e3f54c0 e-flex e-con-boxed e-con e-parent\" data-id=\"3e3f54c0\" data-element_type=\"container\" data-e-type=\"container\">\n\t\t\t\t\t<div class=\"e-con-inner\">\n\t\t\t\t<div class=\"elementor-element elementor-element-9a8a237 elementor-widget elementor-widget-heading\" data-id=\"9a8a237\" data-element_type=\"widget\" data-e-type=\"widget\" data-widget_type=\"heading.default\">\n\t\t\t\t<div class=\"elementor-widget-container\">\n\t\t\t\t\t<h2 class=\"elementor-heading-title elementor-size-default\">\u0633\u064a\u0627\u0633\u0629 \u0627\u0644\u062a\u0628\u062f\u064a\u0644 \u0648\u0627\u0644\u062a\u0631\u062c\u064a\u0639<\/h2>\t\t\t\t<\/div>\n\t\t\t\t<\/div>\n\t\t\t\t<div class=\"elementor-element elementor-element-2c3302c6 elementor-widget elementor-widget-text-editor\" data-id=\"2c3302c6\" data-element_type=\"widget\" data-e-type=\"widget\" data-widget_type=\"text-editor.default\">\n\t\t\t\t<div class=\"elementor-widget-container\">\n\t\t\t\t\t\t\t\t\t<p data-path-to-node=\"13,1\">\u0641\u0640 NJ Store\u060c \u0627\u0644\u0631\u0627\u062d\u0629 \u062f\u064a\u0627\u0644\u0643 \u0647\u064a \u0627\u0644\u0623\u0647\u0645.<\/p>\n<p data-path-to-node=\"13,2\" class=\" translation-block\">1. \u0634\u0631\u0648\u0637 \u0627\u0644\u062a\u0631\u062c\u064a\u0639 (\u0633\u0644\u0639\u0629 \u0627\u0644\u0645\u062d\u0644)\n\u0639\u0644\u0649 \u062d\u0633\u0627\u0628 \u0627\u0644\u0642\u0627\u0646\u0648\u0646 \u0627\u0644\u0645\u063a\u0631\u0628\u064a\u060c \u064a\u0644\u0627 \u0634\u0631\u064a\u062a\u064a \u0634\u064a \u0628\u0631\u0648\u062f\u0648\u064a \u0645\u0646 \u0627\u0644\u0633\u064a\u062a \u062f\u064a\u0627\u0644\u0646\u0627 \u0648\u0644\u0642\u064a\u062a\u064a \u0641\u064a\u0647 \u0634\u064a \u062f\u064a\u0641\u0648 \u062f\u064a\u0627\u0644 \u0627\u0644\u0634\u0631\u064a\u0643\u0629 \u0648\u0644\u0627 \u0645\u0627\u0634\u064a \u0647\u0648 \u0647\u0627\u062f\u0627\u0643 \u0644\u064a \u0637\u0644\u0628\u062a\u064a\u060c \u0639\u0646\u062f\u0643 \u0627\u0644\u062d\u0642 \u0641\u0640 7 \u0623\u064a\u0627\u0645 \u0645\u0646 \u0646\u0647\u0627\u0631 \u0627\u0633\u062a\u0644\u0645\u062a\u064a\u0647 \u0628\u0627\u0634 \u062a\u0637\u0644\u0628 \u0627\u0644\u062a\u0628\u062f\u064a\u0644 \u0648\u0644\u0627 \u0646\u0631\u062c\u0639\u0648 \u0644\u064a\u0643 \u0641\u0644\u0648\u0633\u0643.\n\u0627\u0644\u0633\u0644\u0639\u0629 \u062e\u0627\u0635\u0647\u0627 \u062a\u0631\u062c\u0639 \u0644\u064a\u0646\u0627 \u0641\u0644\u0648\u0645\u0628\u0627\u0644\u0627\u062c \u062f\u064a\u0627\u0644\u0647\u0627 \u0627\u0644\u0623\u0635\u0644\u064a\u060c \u0648\u0645\u0627\u0645\u0633\u062a\u0639\u0645\u0644\u0627\u0634.<\/p>\n<p data-path-to-node=\"13,3\" class=\" translation-block\">2. \u0643\u064a\u0641\u0627\u0634 \u0646\u062f\u064a\u0631\u061f\n\u062a\u0648\u0627\u0635\u0644 \u0645\u0639\u0627\u0646\u0627 \u062f\u064a\u0631\u064a\u0643\u062a \u0641\u0627\u0644\u0648\u0627\u062a\u0633\u0627\u0628\u060c \u0635\u064a\u0641\u0637 \u0644\u064a\u0646\u0627 \u0646\u0645\u0631\u0629 \u0644\u0627\u0643\u0648\u0645\u0648\u0646\u062f \u0648\u062a\u0635\u0648\u064a\u0631\u0629 \u0648\u0644\u0627 \u0641\u064a\u062f\u064a\u0648 \u062f\u064a\u0627\u0644 \u0627\u0644\u0645\u0634\u0643\u0644. \u0627\u0644\u0641\u0631\u064a\u0642 \u0627\u0644\u062a\u0642\u0646\u064a \u062f\u064a\u0627\u0644\u0646\u0627 \u063a\u0627\u062f\u064a \u064a\u0641\u064a\u0631\u064a\u0641\u064a \u0648\u064a\u0642\u0648\u0644\u064a\u0643 \u0643\u064a\u0641\u0627\u0634 \u062a\u0631\u062f \u0644\u064a\u0646\u0627 \u0627\u0644\u0633\u0644\u0639\u0629 \u0641\u0640 \u0623\u0645\u0627\u0646\u0629 \u0648\u0644\u0627 Cathedis.<\/p>\n<p data-path-to-node=\"13,4\" class=\" translation-block\">3. \u0628\u0627\u0644\u0646\u0633\u0628\u0629 \u0644\u0644\u0631\u064a\u0628\u0627\u0631\u0627\u0633\u064a\u0648\u0646\n\u0627\u0644\u062e\u062f\u0645\u0629 \u062f\u064a\u0627\u0644 \u0627\u0644\u0625\u0635\u0644\u0627\u062d \u0648\u0627\u0644\u0645\u0627\u064a\u0643\u0631\u0648-\u0633\u0648\u062f\u0648\u0631 \u0639\u0646\u062f\u0647\u0627 \u0627\u0644\u06af\u0627\u0631\u0627\u0646\u062a\u064a \u062f\u064a\u0627\u0644\u0647\u0627 \u0628\u0648\u062d\u062f\u0648 (\u0645\u0643\u062a\u0648\u0628 \u0641\u0627\u0644\u0641\u0627\u062a\u0648\u0631\u0629). \u0627\u0644\u062e\u0644\u0627\u0635 \u062f\u064a\u0627\u0644 \u0627\u0644\u062f\u064a\u0627\u0643\u0646\u0648\u0633\u062a\u064a\u0643 \u0648\u062e\u062f\u0645\u0629 \u0627\u0644\u064a\u062f \u062f\u064a\u0627\u0644 \u0631\u064a\u0628\u0627\u0631\u0627\u0633\u064a\u0648\u0646 \u0644\u064a \u0635\u062f\u0642\u0627\u062a \u0648\u0645\u0634\u0627 \u0641\u064a\u0647\u0627 \u0627\u0644\u0645\u0634\u0643\u0644\u060c \u0645\u0627\u0641\u064a\u0647\u0645\u0634 \u0627\u0644\u062a\u0631\u062c\u064a\u0639.<\/p>\t\t\t\t\t\t\t\t<\/div>\n\t\t\t\t<\/div>\n\t\t\t\t\t<\/div>\n\t\t\t\t<\/div>\n\t\t\t\t<\/div>","protected":false},"excerpt":{"rendered":"<p>Politique en mati\u00e8re de remboursements et de retours Chez NJ Store, votre satisfaction est notre priorit\u00e9. 1. Conditions de retour (Produits de la boutique) Conform\u00e9ment \u00e0 la loi marocaine, si un produit achet\u00e9 sur notre site (accessoires, \u00e9quipements) pr\u00e9sente un d\u00e9faut de fabrication ou ne correspond pas \u00e0 sa description, vous disposez d&rsquo;un d\u00e9lai de [&hellip;]<\/p>\n","protected":false},"author":1,"featured_media":0,"parent":0,"menu_order":0,"comment_status":"closed","ping_status":"closed","template":"","meta":{"site-sidebar-layout":"default","site-content-layout":"","ast-site-content-layout":"default","site-content-style":"default","site-sidebar-style":"default","ast-global-header-display":"","ast-banner-title-visibility":"","ast-main-header-display":"","ast-hfb-above-header-display":"","ast-hfb-below-header-display":"","ast-hfb-mobile-header-display":"","site-post-title":"disabled","ast-breadcrumbs-content":"","ast-featured-img":"","footer-sml-layout":"","ast-disable-related-posts":"","theme-transparent-header-meta":"","adv-header-id-meta":"","stick-header-meta":"","header-above-stick-meta":"","header-main-stick-meta":"","header-below-stick-meta":"","astra-migrate-meta-layouts":"set","ast-page-background-enabled":"default","ast-page-background-meta":{"desktop":{"background-color":"","background-image":"","background-repeat":"repeat","background-position":"center center","background-size":"auto","background-attachment":"scroll","background-type":"","background-media":"","overlay-type":"","overlay-color":"","overlay-opacity":"","overlay-gradient":""},"tablet":{"background-color":"","background-image":"","background-repeat":"repeat","background-position":"center center","background-size":"auto","background-attachment":"scroll","background-type":"","background-media":"","overlay-type":"","overlay-color":"","overlay-opacity":"","overlay-gradient":""},"mobile":{"background-color":"","background-image":"","background-repeat":"repeat","background-position":"center center","background-size":"auto","background-attachment":"scroll","background-type":"","background-media":"","overlay-type":"","overlay-color":"","overlay-opacity":"","overlay-gradient":""}},"ast-content-background-meta":{"desktop":{"background-color":"var(--ast-global-color-5)","background-image":"","background-repeat":"repeat","background-position":"center center","background-size":"auto","background-attachment":"scroll","background-type":"","background-media":"","overlay-type":"","overlay-color":"","overlay-opacity":"","overlay-gradient":""},"tablet":{"background-color":"var(--ast-global-color-5)","background-image":"","background-repeat":"repeat","background-position":"center center","background-size":"auto","background-attachment":"scroll","background-type":"","background-media":"","overlay-type":"","overlay-color":"","overlay-opacity":"","overlay-gradient":""},"mobile":{"background-color":"var(--ast-global-color-5)","background-image":"","background-repeat":"repeat","background-position":"center center","background-size":"auto","background-attachment":"scroll","background-type":"","background-media":"","overlay-type":"","overlay-color":"","overlay-opacity":"","overlay-gradient":""}},"footnotes":""},"class_list":["post-3404","page","type-page","status-publish","hentry"],"_links":{"self":[{"href":"https:\/\/njstore.ma\/ar\/wp-json\/wp\/v2\/pages\/3404","targetHints":{"allow":["GET"]}}],"collection":[{"href":"https:\/\/njstore.ma\/ar\/wp-json\/wp\/v2\/pages"}],"about":[{"href":"https:\/\/njstore.ma\/ar\/wp-json\/wp\/v2\/types\/page"}],"author":[{"embeddable":true,"href":"https:\/\/njstore.ma\/ar\/wp-json\/wp\/v2\/users\/1"}],"replies":[{"embeddable":true,"href":"https:\/\/njstore.ma\/ar\/wp-json\/wp\/v2\/comments?post=3404"}],"version-history":[{"count":13,"href":"https:\/\/njstore.ma\/ar\/wp-json\/wp\/v2\/pages\/3404\/revisions"}],"predecessor-version":[{"id":5042,"href":"https:\/\/njstore.ma\/ar\/wp-json\/wp\/v2\/pages\/3404\/revisions\/5042"}],"wp:attachment":[{"href":"https:\/\/njstore.ma\/ar\/wp-json\/wp\/v2\/media?parent=3404"}],"curies":[{"name":"wp","href":"https:\/\/api.w.org\/{rel}","templated":true}]}}