{"id":3566,"date":"2026-02-20T17:54:50","date_gmt":"2026-02-20T16:54:50","guid":{"rendered":"http:\/\/njstore.local\/produit\/manette-filaire-ps4-dualshock-4-playx\/"},"modified":"2026-04-14T00:10:30","modified_gmt":"2026-04-13T22:10:30","slug":"manette-filaire-ps4-dualshock-4-playx","status":"publish","type":"product","link":"https:\/\/njstore.ma\/ar\/product\/manette-filaire-ps4-dualshock-4-playx\/","title":{"rendered":"Manette Filaire PS4 &#8211; DUALSHOCK 4 PlayX"},"content":{"rendered":"<p><strong>Manette PlayX compatible PlayStation 4.<\/strong><\/p>\n<p>Une excellente alternative robuste et \u00e9conomique pour vos sessions de jeu sur PS4 ou PC. Prise en main ergonomique, boutons r\u00e9actifs et retour de vibration. Parfaite comme deuxi\u00e8me manette pour inviter des amis.<\/p>","protected":false},"excerpt":{"rendered":"<p>Manette PlayX compatible PlayStation 4. Une excellente alternative robuste et \u00e9conomique pour vos sessions de jeu sur PS4 ou PC. Prise en main ergonomique, boutons r\u00e9actifs et retour de vibration. Parfaite comme deuxi\u00e8me manette pour inviter des amis.<\/p>","protected":false},"featured_media":3565,"comment_status":"closed","ping_status":"closed","template":"","meta":{"site-sidebar-layout":"default","site-content-layout":"","ast-site-content-layout":"default","site-content-style":"default","site-sidebar-style":"default","ast-global-header-display":"","ast-banner-title-visibility":"","ast-main-header-display":"","ast-hfb-above-header-display":"","ast-hfb-below-header-display":"","ast-hfb-mobile-header-display":"","site-post-title":"","ast-breadcrumbs-content":"","ast-featured-img":"","footer-sml-layout":"","ast-disable-related-posts":"","theme-transparent-header-meta":"default","adv-header-id-meta":"","stick-header-meta":"","header-above-stick-meta":"","header-main-stick-meta":"","header-below-stick-meta":"","astra-migrate-meta-layouts":"set","ast-page-background-enabled":"default","ast-page-background-meta":{"desktop":{"background-color":"","background-image":"","background-repeat":"repeat","background-position":"center center","background-size":"auto","background-attachment":"scroll","background-type":"","background-media":"","overlay-type":"","overlay-color":"","overlay-opacity":"","overlay-gradient":""},"tablet":{"background-color":"","background-image":"","background-repeat":"repeat","background-position":"center center","background-size":"auto","background-attachment":"scroll","background-type":"","background-media":"","overlay-type":"","overlay-color":"","overlay-opacity":"","overlay-gradient":""},"mobile":{"background-color":"","background-image":"","background-repeat":"repeat","background-position":"center center","background-size":"auto","background-attachment":"scroll","background-type":"","background-media":"","overlay-type":"","overlay-color":"","overlay-opacity":"","overlay-gradient":""}},"ast-content-background-meta":{"desktop":{"background-color":"var(--ast-global-color-5)","background-image":"","background-repeat":"repeat","background-position":"center center","background-size":"auto","background-attachment":"scroll","background-type":"","background-media":"","overlay-type":"","overlay-color":"","overlay-opacity":"","overlay-gradient":""},"tablet":{"background-color":"var(--ast-global-color-5)","background-image":"","background-repeat":"repeat","background-position":"center center","background-size":"auto","background-attachment":"scroll","background-type":"","background-media":"","overlay-type":"","overlay-color":"","overlay-opacity":"","overlay-gradient":""},"mobile":{"background-color":"var(--ast-global-color-5)","background-image":"","background-repeat":"repeat","background-position":"center center","background-size":"auto","background-attachment":"scroll","background-type":"","background-media":"","overlay-type":"","overlay-color":"","overlay-opacity":"","overlay-gradient":""}}},"product_brand":[],"product_cat":[29],"product_tag":[],"class_list":{"0":"post-3566","1":"product","2":"type-product","3":"status-publish","4":"has-post-thumbnail","6":"product_cat-accessoires-playstation","7":"desktop-align-center","8":"tablet-align-left","9":"mobile-align-left","11":"first","12":"instock","13":"sale","14":"taxable","15":"shipping-taxable","16":"purchasable","17":"product-type-simple"},"_links":{"self":[{"href":"https:\/\/njstore.ma\/ar\/wp-json\/wp\/v2\/product\/3566","targetHints":{"allow":["GET"]}}],"collection":[{"href":"https:\/\/njstore.ma\/ar\/wp-json\/wp\/v2\/product"}],"about":[{"href":"https:\/\/njstore.ma\/ar\/wp-json\/wp\/v2\/types\/product"}],"replies":[{"embeddable":true,"href":"https:\/\/njstore.ma\/ar\/wp-json\/wp\/v2\/comments?post=3566"}],"wp:featuredmedia":[{"embeddable":true,"href":"https:\/\/njstore.ma\/ar\/wp-json\/wp\/v2\/media\/3565"}],"wp:attachment":[{"href":"https:\/\/njstore.ma\/ar\/wp-json\/wp\/v2\/media?parent=3566"}],"wp:term":[{"taxonomy":"product_brand","embeddable":true,"href":"https:\/\/njstore.ma\/ar\/wp-json\/wp\/v2\/product_brand?post=3566"},{"taxonomy":"product_cat","embeddable":true,"href":"https:\/\/njstore.ma\/ar\/wp-json\/wp\/v2\/product_cat?post=3566"},{"taxonomy":"product_tag","embeddable":true,"href":"https:\/\/njstore.ma\/ar\/wp-json\/wp\/v2\/product_tag?post=3566"}],"curies":[{"name":"wp","href":"https:\/\/api.w.org\/{rel}","templated":true}]}}