{"id":3615,"date":"2026-02-21T12:39:24","date_gmt":"2026-02-21T11:39:24","guid":{"rendered":"http:\/\/njstore.local\/produit\/console-sony-ps-vita-slim-2000-aqua-blue\/"},"modified":"2026-02-22T23:32:33","modified_gmt":"2026-02-22T22:32:33","slug":"console-sony-ps-vita-slim-2000-aqua-blue","status":"publish","type":"product","link":"https:\/\/njstore.ma\/ar\/product\/console-sony-ps-vita-slim-2000-aqua-blue\/","title":{"rendered":"Console Sony PS Vita Slim 2000 &#8211; Aqua Blue"},"content":{"rendered":"<p><strong>PS Vita Slim (Mod\u00e8le 2000) &#8211; \u00c9dition Aqua Blue.<\/strong><\/p>\n<p>Une \u00e9dition rare et magnifique de la c\u00e9l\u00e8bre console portable de Sony. Plus fine, plus l\u00e9g\u00e8re et dot\u00e9e d&rsquo;une meilleure autonomie que le premier mod\u00e8le. Cette console a \u00e9t\u00e9 rigoureusement contr\u00f4l\u00e9e (boutons, joysticks sans drift, tactile) pour vous garantir des conditions de jeu parfaites.<\/p>","protected":false},"excerpt":{"rendered":"<p>PS Vita Slim (Mod\u00e8le 2000) &#8211; \u00c9dition Aqua Blue. Une \u00e9dition rare et magnifique de la c\u00e9l\u00e8bre console portable de Sony. Plus fine, plus l\u00e9g\u00e8re et dot\u00e9e d&rsquo;une meilleure autonomie que le premier mod\u00e8le. Cette console a \u00e9t\u00e9 rigoureusement contr\u00f4l\u00e9e (boutons, joysticks sans drift, tactile) pour vous garantir des conditions de jeu parfaites.<\/p>","protected":false},"featured_media":3829,"comment_status":"open","ping_status":"closed","template":"","meta":{"site-sidebar-layout":"default","site-content-layout":"","ast-site-content-layout":"default","site-content-style":"default","site-sidebar-style":"default","ast-global-header-display":"","ast-banner-title-visibility":"","ast-main-header-display":"","ast-hfb-above-header-display":"","ast-hfb-below-header-display":"","ast-hfb-mobile-header-display":"","site-post-title":"","ast-breadcrumbs-content":"","ast-featured-img":"","footer-sml-layout":"","ast-disable-related-posts":"","theme-transparent-header-meta":"default","adv-header-id-meta":"","stick-header-meta":"","header-above-stick-meta":"","header-main-stick-meta":"","header-below-stick-meta":"","astra-migrate-meta-layouts":"set","ast-page-background-enabled":"default","ast-page-background-meta":{"desktop":{"background-color":"","background-image":"","background-repeat":"repeat","background-position":"center center","background-size":"auto","background-attachment":"scroll","background-type":"","background-media":"","overlay-type":"","overlay-color":"","overlay-opacity":"","overlay-gradient":""},"tablet":{"background-color":"","background-image":"","background-repeat":"repeat","background-position":"center center","background-size":"auto","background-attachment":"scroll","background-type":"","background-media":"","overlay-type":"","overlay-color":"","overlay-opacity":"","overlay-gradient":""},"mobile":{"background-color":"","background-image":"","background-repeat":"repeat","background-position":"center center","background-size":"auto","background-attachment":"scroll","background-type":"","background-media":"","overlay-type":"","overlay-color":"","overlay-opacity":"","overlay-gradient":""}},"ast-content-background-meta":{"desktop":{"background-color":"var(--ast-global-color-5)","background-image":"","background-repeat":"repeat","background-position":"center center","background-size":"auto","background-attachment":"scroll","background-type":"","background-media":"","overlay-type":"","overlay-color":"","overlay-opacity":"","overlay-gradient":""},"tablet":{"background-color":"var(--ast-global-color-5)","background-image":"","background-repeat":"repeat","background-position":"center center","background-size":"auto","background-attachment":"scroll","background-type":"","background-media":"","overlay-type":"","overlay-color":"","overlay-opacity":"","overlay-gradient":""},"mobile":{"background-color":"var(--ast-global-color-5)","background-image":"","background-repeat":"repeat","background-position":"center center","background-size":"auto","background-attachment":"scroll","background-type":"","background-media":"","overlay-type":"","overlay-color":"","overlay-opacity":"","overlay-gradient":""}}},"product_brand":[],"product_cat":[33],"product_tag":[],"class_list":{"0":"post-3615","1":"product","2":"type-product","3":"status-publish","4":"has-post-thumbnail","6":"product_cat-consoles-reconditionnees","7":"desktop-align-center","8":"tablet-align-left","9":"mobile-align-left","11":"first","12":"outofstock","13":"taxable","14":"shipping-taxable","15":"purchasable","16":"product-type-simple"},"_links":{"self":[{"href":"https:\/\/njstore.ma\/ar\/wp-json\/wp\/v2\/product\/3615","targetHints":{"allow":["GET"]}}],"collection":[{"href":"https:\/\/njstore.ma\/ar\/wp-json\/wp\/v2\/product"}],"about":[{"href":"https:\/\/njstore.ma\/ar\/wp-json\/wp\/v2\/types\/product"}],"replies":[{"embeddable":true,"href":"https:\/\/njstore.ma\/ar\/wp-json\/wp\/v2\/comments?post=3615"}],"wp:featuredmedia":[{"embeddable":true,"href":"https:\/\/njstore.ma\/ar\/wp-json\/wp\/v2\/media\/3829"}],"wp:attachment":[{"href":"https:\/\/njstore.ma\/ar\/wp-json\/wp\/v2\/media?parent=3615"}],"wp:term":[{"taxonomy":"product_brand","embeddable":true,"href":"https:\/\/njstore.ma\/ar\/wp-json\/wp\/v2\/product_brand?post=3615"},{"taxonomy":"product_cat","embeddable":true,"href":"https:\/\/njstore.ma\/ar\/wp-json\/wp\/v2\/product_cat?post=3615"},{"taxonomy":"product_tag","embeddable":true,"href":"https:\/\/njstore.ma\/ar\/wp-json\/wp\/v2\/product_tag?post=3615"}],"curies":[{"name":"wp","href":"https:\/\/api.w.org\/{rel}","templated":true}]}}