{"id":4263,"date":"2026-02-23T00:09:54","date_gmt":"2026-02-22T23:09:54","guid":{"rendered":"http:\/\/njstore.local\/produit\/console-playstation-4-slim-500-go-reconditionnee\/"},"modified":"2026-04-14T00:02:26","modified_gmt":"2026-04-13T22:02:26","slug":"console-playstation-4-slim-500-go-reconditionnee","status":"publish","type":"product","link":"https:\/\/njstore.ma\/ar\/product\/console-playstation-4-slim-500-go-reconditionnee\/","title":{"rendered":"Console PlayStation 4 Slim 500 Go &#8211; Reconditionn\u00e9e"},"content":{"rendered":"<p><strong>Console Sony PlayStation 4 Slim avec Disque Dur 500 Go.<\/strong><\/p>\n<p>Plus fine, plus l\u00e9g\u00e8re et moins \u00e9nergivore que la version Fat, la PS4 Slim est la machine de salon id\u00e9ale. Enti\u00e8rement r\u00e9vis\u00e9e et test\u00e9e dans notre centre de maintenance, elle vous garantit de longues heures de jeu en toute tranquillit\u00e9 sur les meilleurs titres de la g\u00e9n\u00e9ration.<\/p>","protected":false},"excerpt":{"rendered":"<p>Console Sony PlayStation 4 Slim avec Disque Dur 500 Go. Plus fine, plus l\u00e9g\u00e8re et moins \u00e9nergivore que la version Fat, la PS4 Slim est la machine de salon id\u00e9ale. Enti\u00e8rement r\u00e9vis\u00e9e et test\u00e9e dans notre centre de maintenance, elle vous garantit de longues heures de jeu en toute tranquillit\u00e9 sur les meilleurs titres de [&hellip;]<\/p>\n","protected":false},"featured_media":3850,"comment_status":"open","ping_status":"closed","template":"","meta":{"site-sidebar-layout":"default","site-content-layout":"","ast-site-content-layout":"default","site-content-style":"default","site-sidebar-style":"default","ast-global-header-display":"","ast-banner-title-visibility":"","ast-main-header-display":"","ast-hfb-above-header-display":"","ast-hfb-below-header-display":"","ast-hfb-mobile-header-display":"","site-post-title":"","ast-breadcrumbs-content":"","ast-featured-img":"","footer-sml-layout":"","ast-disable-related-posts":"","theme-transparent-header-meta":"default","adv-header-id-meta":"","stick-header-meta":"","header-above-stick-meta":"","header-main-stick-meta":"","header-below-stick-meta":"","astra-migrate-meta-layouts":"set","ast-page-background-enabled":"default","ast-page-background-meta":{"desktop":{"background-color":"","background-image":"","background-repeat":"repeat","background-position":"center center","background-size":"auto","background-attachment":"scroll","background-type":"","background-media":"","overlay-type":"","overlay-color":"","overlay-opacity":"","overlay-gradient":""},"tablet":{"background-color":"","background-image":"","background-repeat":"repeat","background-position":"center center","background-size":"auto","background-attachment":"scroll","background-type":"","background-media":"","overlay-type":"","overlay-color":"","overlay-opacity":"","overlay-gradient":""},"mobile":{"background-color":"","background-image":"","background-repeat":"repeat","background-position":"center center","background-size":"auto","background-attachment":"scroll","background-type":"","background-media":"","overlay-type":"","overlay-color":"","overlay-opacity":"","overlay-gradient":""}},"ast-content-background-meta":{"desktop":{"background-color":"var(--ast-global-color-5)","background-image":"","background-repeat":"repeat","background-position":"center center","background-size":"auto","background-attachment":"scroll","background-type":"","background-media":"","overlay-type":"","overlay-color":"","overlay-opacity":"","overlay-gradient":""},"tablet":{"background-color":"var(--ast-global-color-5)","background-image":"","background-repeat":"repeat","background-position":"center center","background-size":"auto","background-attachment":"scroll","background-type":"","background-media":"","overlay-type":"","overlay-color":"","overlay-opacity":"","overlay-gradient":""},"mobile":{"background-color":"var(--ast-global-color-5)","background-image":"","background-repeat":"repeat","background-position":"center center","background-size":"auto","background-attachment":"scroll","background-type":"","background-media":"","overlay-type":"","overlay-color":"","overlay-opacity":"","overlay-gradient":""}}},"product_brand":[],"product_cat":[33],"product_tag":[],"class_list":{"0":"post-4263","1":"product","2":"type-product","3":"status-publish","4":"has-post-thumbnail","6":"product_cat-consoles-reconditionnees","7":"desktop-align-center","8":"tablet-align-left","9":"mobile-align-left","11":"first","12":"instock","13":"taxable","14":"shipping-taxable","15":"purchasable","16":"product-type-simple"},"_links":{"self":[{"href":"https:\/\/njstore.ma\/ar\/wp-json\/wp\/v2\/product\/4263","targetHints":{"allow":["GET"]}}],"collection":[{"href":"https:\/\/njstore.ma\/ar\/wp-json\/wp\/v2\/product"}],"about":[{"href":"https:\/\/njstore.ma\/ar\/wp-json\/wp\/v2\/types\/product"}],"replies":[{"embeddable":true,"href":"https:\/\/njstore.ma\/ar\/wp-json\/wp\/v2\/comments?post=4263"}],"wp:featuredmedia":[{"embeddable":true,"href":"https:\/\/njstore.ma\/ar\/wp-json\/wp\/v2\/media\/3850"}],"wp:attachment":[{"href":"https:\/\/njstore.ma\/ar\/wp-json\/wp\/v2\/media?parent=4263"}],"wp:term":[{"taxonomy":"product_brand","embeddable":true,"href":"https:\/\/njstore.ma\/ar\/wp-json\/wp\/v2\/product_brand?post=4263"},{"taxonomy":"product_cat","embeddable":true,"href":"https:\/\/njstore.ma\/ar\/wp-json\/wp\/v2\/product_cat?post=4263"},{"taxonomy":"product_tag","embeddable":true,"href":"https:\/\/njstore.ma\/ar\/wp-json\/wp\/v2\/product_tag?post=4263"}],"curies":[{"name":"wp","href":"https:\/\/api.w.org\/{rel}","templated":true}]}}