{"id":4692,"date":"2026-02-25T17:47:22","date_gmt":"2026-02-25T16:47:22","guid":{"rendered":"http:\/\/njstore.local\/produit\/coque-inferieure-pour-console-nintendo-3ds-xl\/"},"modified":"2026-04-06T11:42:58","modified_gmt":"2026-04-06T09:42:58","slug":"coque-inferieure-pour-console-nintendo-3ds-xl","status":"publish","type":"product","link":"https:\/\/njstore.ma\/ar\/product\/coque-inferieure-pour-console-nintendo-3ds-xl\/","title":{"rendered":"Coque inf\u00e9rieure pour console Nintendo 3DS XL"},"content":{"rendered":"<p><strong>Coque inf\u00e9rieure pour console Nintendo 3DS XL<\/strong><\/p>\n<p>D\u00e9couvrez <strong>Coque inf\u00e9rieure pour console Nintendo 3DS XL<\/strong> sur NJ Store. Un produit de qualit\u00e9 soigneusement s\u00e9lectionn\u00e9.<\/p>\n<p><em>Produit v\u00e9rifi\u00e9 et exp\u00e9di\u00e9 depuis notre atelier NJ Store.<\/em><\/p>","protected":false},"excerpt":{"rendered":"<p>Coque inf\u00e9rieure pour console Nintendo 3DS XL D\u00e9couvrez Coque inf\u00e9rieure pour console Nintendo 3DS XL sur NJ Store. Un produit de qualit\u00e9 soigneusement s\u00e9lectionn\u00e9. Produit v\u00e9rifi\u00e9 et exp\u00e9di\u00e9 depuis notre atelier NJ Store.<\/p>","protected":false},"featured_media":4691,"comment_status":"open","ping_status":"closed","template":"","meta":{"site-sidebar-layout":"default","site-content-layout":"","ast-site-content-layout":"default","site-content-style":"default","site-sidebar-style":"default","ast-global-header-display":"","ast-banner-title-visibility":"","ast-main-header-display":"","ast-hfb-above-header-display":"","ast-hfb-below-header-display":"","ast-hfb-mobile-header-display":"","site-post-title":"","ast-breadcrumbs-content":"","ast-featured-img":"","footer-sml-layout":"","ast-disable-related-posts":"","theme-transparent-header-meta":"default","adv-header-id-meta":"","stick-header-meta":"","header-above-stick-meta":"","header-main-stick-meta":"","header-below-stick-meta":"","astra-migrate-meta-layouts":"set","ast-page-background-enabled":"default","ast-page-background-meta":{"desktop":{"background-color":"","background-image":"","background-repeat":"repeat","background-position":"center center","background-size":"auto","background-attachment":"scroll","background-type":"","background-media":"","overlay-type":"","overlay-color":"","overlay-opacity":"","overlay-gradient":""},"tablet":{"background-color":"","background-image":"","background-repeat":"repeat","background-position":"center center","background-size":"auto","background-attachment":"scroll","background-type":"","background-media":"","overlay-type":"","overlay-color":"","overlay-opacity":"","overlay-gradient":""},"mobile":{"background-color":"","background-image":"","background-repeat":"repeat","background-position":"center center","background-size":"auto","background-attachment":"scroll","background-type":"","background-media":"","overlay-type":"","overlay-color":"","overlay-opacity":"","overlay-gradient":""}},"ast-content-background-meta":{"desktop":{"background-color":"var(--ast-global-color-5)","background-image":"","background-repeat":"repeat","background-position":"center center","background-size":"auto","background-attachment":"scroll","background-type":"","background-media":"","overlay-type":"","overlay-color":"","overlay-opacity":"","overlay-gradient":""},"tablet":{"background-color":"var(--ast-global-color-5)","background-image":"","background-repeat":"repeat","background-position":"center center","background-size":"auto","background-attachment":"scroll","background-type":"","background-media":"","overlay-type":"","overlay-color":"","overlay-opacity":"","overlay-gradient":""},"mobile":{"background-color":"var(--ast-global-color-5)","background-image":"","background-repeat":"repeat","background-position":"center center","background-size":"auto","background-attachment":"scroll","background-type":"","background-media":"","overlay-type":"","overlay-color":"","overlay-opacity":"","overlay-gradient":""}}},"product_brand":[],"product_cat":[38],"product_tag":[],"class_list":{"0":"post-4692","1":"product","2":"type-product","3":"status-publish","4":"has-post-thumbnail","6":"product_cat-pieces-nintendo","7":"desktop-align-center","8":"tablet-align-left","9":"mobile-align-left","11":"first","12":"instock","13":"taxable","14":"shipping-taxable","15":"purchasable","16":"product-type-simple"},"_links":{"self":[{"href":"https:\/\/njstore.ma\/ar\/wp-json\/wp\/v2\/product\/4692","targetHints":{"allow":["GET"]}}],"collection":[{"href":"https:\/\/njstore.ma\/ar\/wp-json\/wp\/v2\/product"}],"about":[{"href":"https:\/\/njstore.ma\/ar\/wp-json\/wp\/v2\/types\/product"}],"replies":[{"embeddable":true,"href":"https:\/\/njstore.ma\/ar\/wp-json\/wp\/v2\/comments?post=4692"}],"wp:featuredmedia":[{"embeddable":true,"href":"https:\/\/njstore.ma\/ar\/wp-json\/wp\/v2\/media\/4691"}],"wp:attachment":[{"href":"https:\/\/njstore.ma\/ar\/wp-json\/wp\/v2\/media?parent=4692"}],"wp:term":[{"taxonomy":"product_brand","embeddable":true,"href":"https:\/\/njstore.ma\/ar\/wp-json\/wp\/v2\/product_brand?post=4692"},{"taxonomy":"product_cat","embeddable":true,"href":"https:\/\/njstore.ma\/ar\/wp-json\/wp\/v2\/product_cat?post=4692"},{"taxonomy":"product_tag","embeddable":true,"href":"https:\/\/njstore.ma\/ar\/wp-json\/wp\/v2\/product_tag?post=4692"}],"curies":[{"name":"wp","href":"https:\/\/api.w.org\/{rel}","templated":true}]}}