{"id":5178,"date":"2026-04-14T15:31:30","date_gmt":"2026-04-14T13:31:30","guid":{"rendered":"https:\/\/njstore.ma\/produit\/console-playstation-4-pro-500-go-flashee-occasion\/"},"modified":"2026-04-14T15:34:39","modified_gmt":"2026-04-14T13:34:39","slug":"console-playstation-4-pro-500-go-flashee-occasion","status":"publish","type":"product","link":"https:\/\/njstore.ma\/ar\/product\/console-playstation-4-pro-500-go-flashee-occasion\/","title":{"rendered":"\u0643\u0648\u0646\u0633\u0648\u0644 \u0628\u0644\u0627\u064a\u0633\u062a\u064a\u0634\u0646 4 \u0628\u0631\u0648 (PS4 Pro) 500 \u062c\u064a\u062c\u0627 \u0641\u0644\u0627\u0634\u064a\u0629 + \u0623\u0644\u0639\u0627\u0628 \u0648\u0627\u062c\u062f\u0629"},"content":{"rendered":"<p><strong>\u062f\u062e\u0644 \u0646\u064a\u0634\u0627\u0646 \u0641\u064a \u0627\u0644\u0644\u0639\u0628 \u0628\u0644\u0627 \u0645\u0627\u062a\u0632\u064a\u062f \u062a\u062e\u0633\u0631 \u0627\u0644\u0641\u0644\u0648\u0633!<\/strong><\/p>\n<p>Pourquoi payer chaque jeu s\u00e9par\u00e9ment quand vous pouvez avoir une console pr\u00eate \u00e0 l&#8217;emploi ? Cette <strong>\u0639\u0644\u0627\u0634 \u062a\u0634\u0631\u064a \u0643\u0644 \u0644\u0639\u0628\u0629 \u0628\u0648\u062d\u062f\u0647\u0627 \u0648\u062a\u062e\u0633\u0631 \u0632\u0628\u0627\u0644\u0629 \u062f\u064a\u0627\u0644 \u0627\u0644\u0641\u0644\u0648\u0633\u060c \u0645\u0644\u064a \u062a\u0642\u062f\u0631 \u062a\u0627\u062e\u062f \u0643\u0648\u0646\u0633\u0648\u0644 \u0648\u0627\u062c\u062f\u0629\u061f \u0647\u0627\u062f \u0627\u0644\u0640 PS4 Pro 500Go \u0627\u0644\u0641\u0644\u0627\u0634\u064a\u0629 \u0647\u064a \u0627\u0644\u062d\u0644 \u0627\u0644\u0645\u062e\u064a\u0631 \u0644\u0644\u062c\u064a\u0645\u0631\u0632 \u0644\u064a \u0628\u063a\u0627\u0648 \u064a\u0633\u062a\u0627\u0645\u062a\u0639\u0648 \u0628\u0645\u0643\u062a\u0628\u0629 \u0643\u0628\u064a\u0631\u0629 \u062f\u064a\u0627\u0644 \u0627\u0644\u0623\u0644\u0639\u0627\u0628 \u0645\u0646 \u0627\u0644\u062f\u0642\u0629 \u0627\u0644\u0623\u0648\u0644\u0649. \u063a\u064a\u0631 \u0628\u0631\u0648\u0646\u0634\u064a\u0647\u0627 \u0645\u0639 \u0627\u0644\u062a\u0644\u0641\u0627\u0632\u0629 \u0648\u0628\u062f\u0627 \u062a\u0644\u0639\u0628.<\/strong> est la solution id\u00e9ale pour les gamers qui veulent profiter d&rsquo;un catalogue massif imm\u00e9diatement.<\/p>\n<p><strong>\u062e\u062f\u0645\u0629 NjStore: \u0627\u0644\u0636\u0645\u0627\u0646\u0629 \u062f\u064a\u0627\u0644 \u0623\u0648\u0643\u0627\u0632\u064a\u0648\u0646 \u0646\u0642\u064a\u0629 \u0648\u0645\u0636\u0645\u0648\u0646\u0629<\/strong><\/p>\n<ul>\n<li><strong>Entretien interne complet :<\/strong> \ud83d\udee0\ufe0f \u062a\u0646\u0642\u064a\u0629 \u0645\u0646 \u0644\u062f\u0627\u062e\u0644: \u062d\u0644\u064a\u0646\u0627\u0647\u0627\u060c \u062d\u064a\u062f\u0646\u0627 \u0627\u0644\u063a\u0628\u0631\u0629 \u0643\u0627\u0645\u0644\u0629 \u0648\u0631\u0627\u0642\u0628\u0646\u0627 \u0627\u0644\u0633\u064a\u0633\u062a\u064a\u0645 \u062f\u064a\u0627\u0644 \u0627\u0644\u062a\u0628\u0631\u064a\u062f \u0628\u0627\u0634 \u0627\u0644\u0643\u0648\u0646\u0633\u0648\u0644 \u0645\u0627\u062a\u0633\u062e\u0646\u0634 \u0644\u064a\u0643 \u0641\u0648\u0633\u0637 \u0627\u0644\u0644\u0639\u0628.<\/li>\n<li><strong>Tests approfondis :<\/strong> \u2705 \u0637\u064a\u0633\u0637 \u0634\u0627\u0645\u0644: \u062c\u0631\u0628\u0646\u0627 \u0627\u0644\u0628\u0648\u0631\u062a\u0627\u062a \u062f\u064a\u0627\u0644 HDMI \u0648 USB \u0648\u0627\u0644\u062f\u064a\u0633\u0643 \u062f\u0648\u0631 \u0628\u0627\u0634 \u0646\u0636\u0645\u0646\u0648 \u0644\u064a\u0643 \u0643\u0648\u0644\u0634\u064a \u062e\u062f\u0627\u0645 100%.<\/li>\n<li><strong>Pr\u00eate \u00e0 l&rsquo;envoi :<\/strong> \ud83d\udce6 \u062a\u0648\u0635\u064a\u0644 \u0622\u0645\u0646: \u0645\u0642\u0627\u062f\u0629 \u0648\u0645\u0645\u0628\u0627\u0644\u064a\u0629 \u0645\u0632\u064a\u0627\u0646 \u0628\u0627\u0634 \u062a\u0648\u0635\u0644\u0643 \u0641\u064a\u0646 \u0645\u0627 \u0643\u0646\u062a\u064a \u0641\u064a \u0627\u0644\u0645\u063a\u0631\u0628.<\/li>\n<\/ul>\n<p><em>Inclus : 1x Manette, C\u00e2bles Alim\/HDMI\/USB et catalogue de jeux pr\u00e9install\u00e9s.<\/em><\/p>","protected":false},"excerpt":{"rendered":"<p>\u0647\u0627\u062f \u0627\u0644\u0640 PS4 Pro 500Go \u0627\u0644\u0641\u0644\u0627\u0634\u064a\u0629 \u0647\u064a \u0627\u0644\u062d\u0644 \u0627\u0644\u0645\u062e\u064a\u0631 \u0644\u0644\u062c\u064a\u0645\u0631\u0632 \u0644\u064a \u0628\u063a\u0627\u0648 \u064a\u0633\u062a\u0627\u0645\u062a\u0639\u0648 \u0628\u0645\u0643\u062a\u0628\u0629 \u0643\u0628\u064a\u0631\u0629 \u062f\u064a\u0627\u0644 \u0627\u0644\u0623\u0644\u0639\u0627\u0628 \u0645\u0646 \u0627\u0644\u062f\u0642\u0629 \u0627\u0644\u0623\u0648\u0644\u0649. \u063a\u064a\u0631 \u0628\u0631\u0648\u0646\u0634\u064a\u0647\u0627 \u0645\u0639 \u0627\u0644\u062a\u0644\u0641\u0627\u0632\u0629 \u0648\u0628\u062f\u0627 \u062a\u0644\u0639\u0628.<\/p>","protected":false},"featured_media":5179,"comment_status":"open","ping_status":"closed","template":"","meta":{"site-sidebar-layout":"default","site-content-layout":"","ast-site-content-layout":"default","site-content-style":"default","site-sidebar-style":"default","ast-global-header-display":"","ast-banner-title-visibility":"","ast-main-header-display":"","ast-hfb-above-header-display":"","ast-hfb-below-header-display":"","ast-hfb-mobile-header-display":"","site-post-title":"","ast-breadcrumbs-content":"","ast-featured-img":"","footer-sml-layout":"","ast-disable-related-posts":"","theme-transparent-header-meta":"default","adv-header-id-meta":"","stick-header-meta":"","header-above-stick-meta":"","header-main-stick-meta":"","header-below-stick-meta":"","astra-migrate-meta-layouts":"set","ast-page-background-enabled":"default","ast-page-background-meta":{"desktop":{"background-color":"","background-image":"","background-repeat":"repeat","background-position":"center center","background-size":"auto","background-attachment":"scroll","background-type":"","background-media":"","overlay-type":"","overlay-color":"","overlay-opacity":"","overlay-gradient":""},"tablet":{"background-color":"","background-image":"","background-repeat":"repeat","background-position":"center center","background-size":"auto","background-attachment":"scroll","background-type":"","background-media":"","overlay-type":"","overlay-color":"","overlay-opacity":"","overlay-gradient":""},"mobile":{"background-color":"","background-image":"","background-repeat":"repeat","background-position":"center center","background-size":"auto","background-attachment":"scroll","background-type":"","background-media":"","overlay-type":"","overlay-color":"","overlay-opacity":"","overlay-gradient":""}},"ast-content-background-meta":{"desktop":{"background-color":"var(--ast-global-color-5)","background-image":"","background-repeat":"repeat","background-position":"center center","background-size":"auto","background-attachment":"scroll","background-type":"","background-media":"","overlay-type":"","overlay-color":"","overlay-opacity":"","overlay-gradient":""},"tablet":{"background-color":"var(--ast-global-color-5)","background-image":"","background-repeat":"repeat","background-position":"center center","background-size":"auto","background-attachment":"scroll","background-type":"","background-media":"","overlay-type":"","overlay-color":"","overlay-opacity":"","overlay-gradient":""},"mobile":{"background-color":"var(--ast-global-color-5)","background-image":"","background-repeat":"repeat","background-position":"center center","background-size":"auto","background-attachment":"scroll","background-type":"","background-media":"","overlay-type":"","overlay-color":"","overlay-opacity":"","overlay-gradient":""}}},"product_brand":[],"product_cat":[33],"product_tag":[58,59,57],"class_list":{"0":"post-5178","1":"product","2":"type-product","3":"status-publish","4":"has-post-thumbnail","6":"product_cat-consoles-reconditionnees","7":"product_tag-console-flashee","8":"product_tag-occasion","9":"product_tag-ps4-pro","10":"desktop-align-center","11":"tablet-align-left","12":"mobile-align-left","14":"first","15":"instock","16":"taxable","17":"shipping-taxable","18":"purchasable","19":"product-type-simple"},"_links":{"self":[{"href":"https:\/\/njstore.ma\/ar\/wp-json\/wp\/v2\/product\/5178","targetHints":{"allow":["GET"]}}],"collection":[{"href":"https:\/\/njstore.ma\/ar\/wp-json\/wp\/v2\/product"}],"about":[{"href":"https:\/\/njstore.ma\/ar\/wp-json\/wp\/v2\/types\/product"}],"replies":[{"embeddable":true,"href":"https:\/\/njstore.ma\/ar\/wp-json\/wp\/v2\/comments?post=5178"}],"wp:featuredmedia":[{"embeddable":true,"href":"https:\/\/njstore.ma\/ar\/wp-json\/wp\/v2\/media\/5179"}],"wp:attachment":[{"href":"https:\/\/njstore.ma\/ar\/wp-json\/wp\/v2\/media?parent=5178"}],"wp:term":[{"taxonomy":"product_brand","embeddable":true,"href":"https:\/\/njstore.ma\/ar\/wp-json\/wp\/v2\/product_brand?post=5178"},{"taxonomy":"product_cat","embeddable":true,"href":"https:\/\/njstore.ma\/ar\/wp-json\/wp\/v2\/product_cat?post=5178"},{"taxonomy":"product_tag","embeddable":true,"href":"https:\/\/njstore.ma\/ar\/wp-json\/wp\/v2\/product_tag?post=5178"}],"curies":[{"name":"wp","href":"https:\/\/api.w.org\/{rel}","templated":true}]}}