{"id":5182,"date":"2026-04-14T15:40:55","date_gmt":"2026-04-14T13:40:55","guid":{"rendered":"https:\/\/njstore.ma\/produit\/console-playstation-4-fat-edition-limitee-call-of-duty-jeux\/"},"modified":"2026-04-14T15:42:34","modified_gmt":"2026-04-14T13:42:34","slug":"console-playstation-4-fat-edition-limitee-call-of-duty-jeux","status":"publish","type":"product","link":"https:\/\/njstore.ma\/ar\/product\/console-playstation-4-fat-edition-limitee-call-of-duty-jeux\/","title":{"rendered":"\u0643\u0648\u0646\u0633\u0648\u0644 \u0628\u0644\u0627\u064a\u0633\u062a\u064a\u0634\u0646 4 \u0641\u0627\u062a \u0625\u0635\u062f\u0627\u0631 \u0645\u062d\u062f\u0648\u062f Call of Duty + \u0623\u0644\u0639\u0627\u0628"},"content":{"rendered":"<p><strong>\u0628\u064a\u0627\u0633\u0629 \u062f\u064a\u0627\u0644 \u0627\u0644\u0643\u0648\u0644\u064a\u0643\u0633\u064a\u0648\u0646 \u0644\u0639\u0634\u0627\u0642 \u0623\u0644\u0639\u0627\u0628 \u0627\u0644\u0634\u0648\u062a\u064a\u0646\u063a (FPS)!<\/strong><\/p>\n<p>Alliez la passion du gaming \u00e0 celle de la collection avec cette magnifique <strong>PS4 Fat \u00c9dition Limit\u00e9e Call of Duty<\/strong>\u062c\u0645\u0639 \u0628\u064a\u0646 \u0627\u0644\u0645\u062a\u0639\u0629 \u062f\u064a\u0627\u0644 \u0627\u0644\u0644\u0639\u0628 \u0648\u0627\u0644\u0648\u0644\u0627\u0639\u0629 \u062f\u064a\u0627\u0644 \u0627\u0644\u0643\u0648\u0644\u064a\u0643\u0633\u064a\u0648\u0646 \u0645\u0639 \u0647\u0627\u062f \u0627\u0644\u0640 PS4 Fat \u0644\u064a\u0645\u064a\u062a\u064a \u0625\u064a\u062f\u064a\u0634\u064a\u0646 Call of Duty \u0627\u0644\u0648\u0627\u0639\u0631\u0629. \u0627\u0644\u0643\u0648\u0646\u0633\u0648\u0644 \u0639\u0627\u0645\u0631\u0629 \u0648\u0645\u0634\u0627\u0631\u062c\u064a\u0629 \u0628\u0623\u062d\u0633\u0646 \u0627\u0644\u0623\u0644\u0639\u0627\u0628\u060c \u0648\u0627\u062c\u062f\u0629 \u0628\u0627\u0634 \u062a\u062f\u062e\u0644\u0643 \u0646\u064a\u0634\u0627\u0646 \u0641\u064a \u0627\u0644\u0623\u0643\u0634\u0646 \u063a\u064a\u0631 \u0628\u0631\u0648\u0646\u0634\u064a\u0647\u0627 \u0645\u0639 \u0627\u0644\u062a\u0644\u0641\u0627\u0632\u0629.<\/p>\n<p><strong>\u062e\u062f\u0645\u0629 NjStore: \u062a\u0647\u0644\u064a\u0646\u0627 \u0641\u064a\u0647\u0627 \u0628\u0627\u0634 \u0645\u062f\u064a\u0634 \u0644\u064a\u0643 \u0627\u0644\u0635\u062f\u0627\u0639<\/strong><br \/>\n\u0643\u064a\u0645\u0627 \u0643\u064a\u0639\u0631\u0641\u0648 \u0627\u0644\u062c\u064a\u0645\u0631\u0632\u060c \u0627\u0644\u062c\u064a\u0644 \u0627\u0644\u0623\u0648\u0644 \u062f\u064a\u0627\u0644 PS4 (\u0627\u0644\u0640 Fat) \u0643\u064a\u0633\u062e\u0646 \u0648\u0643\u064a\u062f\u064a\u0631 \u0635\u062f\u0627\u0639 \u0627\u0644\u0641\u0631\u0641\u0627\u0631\u0629. \u0639\u0644\u064a\u0647\u0627 \u0627\u0644\u0648\u0631\u0634\u0629 \u062f\u064a\u0627\u0644\u0646\u0627 \u0641\u064a \u0627\u0644\u0642\u0646\u064a\u0637\u0631\u0629 \u0639\u0637\u0627\u062a \u0648\u0642\u062a \u0644\u0647\u0627\u062f \u0627\u0644\u0645\u0627\u0643\u064a\u0646\u0629 \u0628\u0627\u0634 \u062a\u0636\u0645\u0646 \u0644\u064a\u0643 \u0633\u0648\u0627\u064a\u0639 \u062f\u064a\u0627\u0644 \u0627\u0644\u0644\u0639\u0628 \u0641\u064a \u0647\u062f\u0648\u0621 \u062a\u0627\u0645:<\/p>\n<ul>\n<li><strong>Nettoyage int\u00e9gral :<\/strong> \ud83d\udee0\ufe0f \u062a\u0646\u0642\u064a\u0629 \u0634\u0627\u0645\u0644\u0629: \u062d\u064a\u062f\u0646\u0627 \u0627\u0644\u063a\u0628\u0631\u0629 \u0643\u0627\u0645\u0644\u0629 \u0645\u0646 \u0627\u0644\u0641\u0631\u0641\u0627\u0631\u0629 \u0648\u0627\u0644\u0631\u0627\u062f\u064a\u0627\u062a\u0648\u0631.<\/li>\n<li><strong>P\u00e2te thermique neuve :<\/strong> \u2744\ufe0f \u0644\u0627\u0628\u0627\u0637 \u062a\u064a\u0631\u0645\u064a\u0643 \u062c\u062f\u064a\u062f\u0629: \u0628\u062f\u0644\u0646\u0627 \u0627\u0644\u0645\u0639\u062c\u0648\u0646 \u0627\u0644\u062d\u0631\u0627\u0631\u064a (P\u00e2te thermique) \u0628\u0627\u0634 \u0627\u0644\u0643\u0648\u0646\u0633\u0648\u0644 \u062a\u0628\u0642\u0649 \u062f\u064a\u0645\u0627 \u0628\u0627\u0631\u062f\u0629.<\/li>\n<li><strong>Tests approfondis :<\/strong> \u2705 \u0637\u064a\u0633\u0637 \u062f\u0642\u064a\u0642: \u062c\u0631\u0628\u0646\u0627 \u0627\u0644\u0642\u0627\u0631\u0626 (\u0627\u0644\u0644\u0643\u062a\u0648\u0631)\u060c \u0627\u0644\u0628\u0648\u0631\u062a\u0627\u062a\u060c \u0648\u0627\u0644\u062f\u064a\u0633\u0643 \u062f\u0648\u0631 100%.<\/li>\n<\/ul>\n<p><em>Inclus : 1x Manette, C\u00e2bles Alim\/HDMI\/USB et console pleine de jeux !<\/em><\/p>","protected":false},"excerpt":{"rendered":"<p>\u0628\u064a\u0627\u0633\u0629 \u062f\u064a\u0627\u0644 \u0627\u0644\u0643\u0648\u0644\u064a\u0643\u0633\u064a\u0648\u0646 \u0644\u0639\u0634\u0627\u0642 \u0623\u0644\u0639\u0627\u0628 \u0627\u0644\u0634\u0648\u062a\u064a\u0646\u063a (FPS)!\n\u062c\u0645\u0639 \u0628\u064a\u0646 \u0627\u0644\u0645\u062a\u0639\u0629 \u062f\u064a\u0627\u0644 \u0627\u0644\u0644\u0639\u0628 \u0648\u0627\u0644\u0648\u0644\u0627\u0639\u0629 \u062f\u064a\u0627\u0644 \u0627\u0644\u0643\u0648\u0644\u064a\u0643\u0633\u064a\u0648\u0646 \u0645\u0639 \u0647\u0627\u062f \u0627\u0644\u0640 PS4 Fat \u0644\u064a\u0645\u064a\u062a\u064a \u0625\u064a\u062f\u064a\u0634\u064a\u0646 Call of Duty \u0627\u0644\u0648\u0627\u0639\u0631\u0629. \u0627\u0644\u0643\u0648\u0646\u0633\u0648\u0644 \u0639\u0627\u0645\u0631\u0629 \u0648\u0645\u0634\u0627\u0631\u062c\u064a\u0629 \u0628\u0623\u062d\u0633\u0646 \u0627\u0644\u0623\u0644\u0639\u0627\u0628\u060c \u0648\u0627\u062c\u062f\u0629 \u0628\u0627\u0634 \u062a\u062f\u062e\u0644\u0643 \u0646\u064a\u0634\u0627\u0646 \u0641\u064a \u0627\u0644\u0623\u0643\u0634\u0646 \u063a\u064a\u0631 \u0628\u0631\u0648\u0646\u0634\u064a\u0647\u0627 \u0645\u0639 \u0627\u0644\u062a\u0644\u0641\u0627\u0632\u0629.<\/p>","protected":false},"featured_media":5183,"comment_status":"open","ping_status":"closed","template":"","meta":{"site-sidebar-layout":"default","site-content-layout":"","ast-site-content-layout":"default","site-content-style":"default","site-sidebar-style":"default","ast-global-header-display":"","ast-banner-title-visibility":"","ast-main-header-display":"","ast-hfb-above-header-display":"","ast-hfb-below-header-display":"","ast-hfb-mobile-header-display":"","site-post-title":"","ast-breadcrumbs-content":"","ast-featured-img":"","footer-sml-layout":"","ast-disable-related-posts":"","theme-transparent-header-meta":"default","adv-header-id-meta":"","stick-header-meta":"","header-above-stick-meta":"","header-main-stick-meta":"","header-below-stick-meta":"","astra-migrate-meta-layouts":"set","ast-page-background-enabled":"default","ast-page-background-meta":{"desktop":{"background-color":"","background-image":"","background-repeat":"repeat","background-position":"center center","background-size":"auto","background-attachment":"scroll","background-type":"","background-media":"","overlay-type":"","overlay-color":"","overlay-opacity":"","overlay-gradient":""},"tablet":{"background-color":"","background-image":"","background-repeat":"repeat","background-position":"center center","background-size":"auto","background-attachment":"scroll","background-type":"","background-media":"","overlay-type":"","overlay-color":"","overlay-opacity":"","overlay-gradient":""},"mobile":{"background-color":"","background-image":"","background-repeat":"repeat","background-position":"center center","background-size":"auto","background-attachment":"scroll","background-type":"","background-media":"","overlay-type":"","overlay-color":"","overlay-opacity":"","overlay-gradient":""}},"ast-content-background-meta":{"desktop":{"background-color":"var(--ast-global-color-5)","background-image":"","background-repeat":"repeat","background-position":"center center","background-size":"auto","background-attachment":"scroll","background-type":"","background-media":"","overlay-type":"","overlay-color":"","overlay-opacity":"","overlay-gradient":""},"tablet":{"background-color":"var(--ast-global-color-5)","background-image":"","background-repeat":"repeat","background-position":"center center","background-size":"auto","background-attachment":"scroll","background-type":"","background-media":"","overlay-type":"","overlay-color":"","overlay-opacity":"","overlay-gradient":""},"mobile":{"background-color":"var(--ast-global-color-5)","background-image":"","background-repeat":"repeat","background-position":"center center","background-size":"auto","background-attachment":"scroll","background-type":"","background-media":"","overlay-type":"","overlay-color":"","overlay-opacity":"","overlay-gradient":""}}},"product_brand":[],"product_cat":[33],"product_tag":[61,62,59,60],"class_list":{"0":"post-5182","1":"product","2":"type-product","3":"status-publish","4":"has-post-thumbnail","6":"product_cat-consoles-reconditionnees","7":"product_tag-call-of-duty","8":"product_tag-edition-limitee","9":"product_tag-occasion","10":"product_tag-ps4-fat","11":"desktop-align-center","12":"tablet-align-left","13":"mobile-align-left","15":"first","16":"instock","17":"taxable","18":"shipping-taxable","19":"purchasable","20":"product-type-simple"},"_links":{"self":[{"href":"https:\/\/njstore.ma\/ar\/wp-json\/wp\/v2\/product\/5182","targetHints":{"allow":["GET"]}}],"collection":[{"href":"https:\/\/njstore.ma\/ar\/wp-json\/wp\/v2\/product"}],"about":[{"href":"https:\/\/njstore.ma\/ar\/wp-json\/wp\/v2\/types\/product"}],"replies":[{"embeddable":true,"href":"https:\/\/njstore.ma\/ar\/wp-json\/wp\/v2\/comments?post=5182"}],"wp:featuredmedia":[{"embeddable":true,"href":"https:\/\/njstore.ma\/ar\/wp-json\/wp\/v2\/media\/5183"}],"wp:attachment":[{"href":"https:\/\/njstore.ma\/ar\/wp-json\/wp\/v2\/media?parent=5182"}],"wp:term":[{"taxonomy":"product_brand","embeddable":true,"href":"https:\/\/njstore.ma\/ar\/wp-json\/wp\/v2\/product_brand?post=5182"},{"taxonomy":"product_cat","embeddable":true,"href":"https:\/\/njstore.ma\/ar\/wp-json\/wp\/v2\/product_cat?post=5182"},{"taxonomy":"product_tag","embeddable":true,"href":"https:\/\/njstore.ma\/ar\/wp-json\/wp\/v2\/product_tag?post=5182"}],"curies":[{"name":"wp","href":"https:\/\/api.w.org\/{rel}","templated":true}]}}