{"id":5185,"date":"2026-04-14T15:46:14","date_gmt":"2026-04-14T13:46:14","guid":{"rendered":"https:\/\/njstore.ma\/produit\/console-playstation-4-edition-limitee-spider-man-jailbreakee-jeux\/"},"modified":"2026-04-14T15:52:34","modified_gmt":"2026-04-14T13:52:34","slug":"console-playstation-4-edition-limitee-spider-man-jailbreakee-jeux","status":"publish","type":"product","link":"https:\/\/njstore.ma\/ar\/product\/console-playstation-4-edition-limitee-spider-man-jailbreakee-jeux\/","title":{"rendered":"\u0643\u0648\u0646\u0633\u0648\u0644 \u0628\u0644\u0627\u064a\u0633\u062a\u064a\u0634\u0646 4 \u0625\u0635\u062f\u0627\u0631 \u0645\u062d\u062f\u0648\u062f Spider-Man - \u0641\u0644\u0627\u0634\u064a + \u0623\u0644\u0639\u0627\u0628 \u0648\u0627\u062c\u062f\u0629"},"content":{"rendered":"<p><strong>\u0627\u0644\u0633\u062a\u064a\u0644 \u062f\u064a\u0627\u0644 \u0627\u0644\u0633\u0648\u0628\u0631 \u0647\u064a\u0631\u0648 \u0645\u0639 \u0627\u0644\u062d\u0631\u064a\u0629 \u0627\u0644\u0643\u0627\u0645\u0644\u0629 \u0641\u064a \u0627\u0644\u0644\u0639\u0628!<\/strong><\/p>\n<p>Cette <strong>PS4 \u00c9dition Limit\u00e9e Spider-Man<\/strong> ne se contente pas d&rsquo;\u00eatre une pi\u00e8ce de collection ; elle est \u00e9quip\u00e9e d&rsquo;un <strong>\u0647\u0627\u062f \u0627\u0644\u0640 PS4 \u0644\u064a\u0645\u064a\u062a\u064a \u0625\u064a\u062f\u064a\u0634\u064a\u0646 Spider-Man \u0645\u0627\u0634\u064a \u063a\u064a\u0631 \u0628\u064a\u0627\u0633\u0629 \u062f\u064a\u0627\u0644 \u0627\u0644\u0643\u0648\u0644\u064a\u0643\u0633\u064a\u0648\u0646 \u0628\u0644\u0648\u0646\u0647\u0627 \u0627\u0644\u0623\u062d\u0645\u0631 \u0627\u0644\u0648\u0627\u0639\u0631\u060c \u0648\u0644\u0643\u0646 \u0631\u0627\u0647\u0627 \u0641\u0644\u0627\u0634\u064a\u0629 (Jailbreak) \u0645\u0639 \u0628\u0632\u0627\u0641 \u062f\u064a\u0627\u0644 \u0627\u0644\u0623\u0644\u0639\u0627\u0628 \u0648\u0627\u062c\u062f\u0629 \u0644\u062f\u0627\u062e\u0644.<\/strong> stable avec un catalogue de jeux d\u00e9j\u00e0 install\u00e9s.<\/p>\n<p><strong>\u0639\u0644\u0627\u0634 \u062a\u0627\u062e\u062f \u0627\u0644\u0643\u0648\u0646\u0633\u0648\u0644 \u062f\u064a\u0627\u0644\u0643 \u0645\u0646 NjStore\u061f<\/strong><\/p>\n<ul>\n<li><strong>Entretien Pro :<\/strong> \ud83d\udee0\ufe0f \u0645\u0631\u0627\u062c\u0639\u0629 \u0634\u0627\u0645\u0644\u0629: \u062a\u0646\u0638\u064a\u0641 \u0627\u0644\u0641\u0631\u0641\u0627\u0631\u0629 \u0648\u0627\u0644\u0631\u0627\u062f\u064a\u0627\u062a\u0648\u0631 \u0628\u0627\u0634 \u0645\u0627 \u062a\u0633\u062e\u0646\u0634.<\/li>\n<li><strong>Flash Stable :<\/strong> \ud83d\udcbf \u0641\u0644\u0627\u0634 \u0637\u064a\u0627\u0631\u0629: \u0633\u064a\u0633\u062a\u064a\u0645 \u0645\u0633\u062a\u0642\u0631 \u0648\u0645\u0642\u0627\u062f \u0628\u0627\u0634 \u062a\u0644\u0639\u0628 \u0628\u0644\u0627 \u0645\u0634\u0627\u0643\u0644.<\/li>\n<li><strong>Test\u00e9e &amp; Approuv\u00e9e :<\/strong> \u2705 \u0645\u0636\u0645\u0648\u0646\u0629: \u0645\u062c\u0631\u0628\u0629 \u0648\u0645\u0641\u062d\u0635\u0648\u0629 \u0628\u064a\u0627\u0633\u0629 \u0628\u0628\u064a\u0627\u0633\u0629 \u0642\u0628\u0644 \u0645\u0627 \u062a\u062d\u0637 \u0644\u0644\u0628\u064a\u0639.<\/li>\n<\/ul>\n<p><em>Inclus : 1x Manette assortie, C\u00e2bles et jeux pr\u00e9-install\u00e9s.<\/em><\/p>","protected":false},"excerpt":{"rendered":"<p>\u0647\u0627\u062f \u0627\u0644\u0640 PS4 \u0644\u064a\u0645\u064a\u062a\u064a \u0625\u064a\u062f\u064a\u0634\u064a\u0646 Spider-Man \u0645\u0627\u0634\u064a \u063a\u064a\u0631 \u0628\u064a\u0627\u0633\u0629 \u062f\u064a\u0627\u0644 \u0627\u0644\u0643\u0648\u0644\u064a\u0643\u0633\u064a\u0648\u0646 \u0628\u0644\u0648\u0646\u0647\u0627 \u0627\u0644\u0623\u062d\u0645\u0631 \u0627\u0644\u0648\u0627\u0639\u0631\u060c \u0648\u0644\u0643\u0646 \u0631\u0627\u0647\u0627 \u0641\u0644\u0627\u0634\u064a\u0629 (Jailbreak) \u0645\u0639 \u0628\u0632\u0627\u0641 \u062f\u064a\u0627\u0644 \u0627\u0644\u0623\u0644\u0639\u0627\u0628 \u0648\u0627\u062c\u062f\u0629 \u0644\u062f\u0627\u062e\u0644.<\/p>","protected":false},"featured_media":5186,"comment_status":"open","ping_status":"closed","template":"","meta":{"site-sidebar-layout":"default","site-content-layout":"","ast-site-content-layout":"default","site-content-style":"default","site-sidebar-style":"default","ast-global-header-display":"","ast-banner-title-visibility":"","ast-main-header-display":"","ast-hfb-above-header-display":"","ast-hfb-below-header-display":"","ast-hfb-mobile-header-display":"","site-post-title":"","ast-breadcrumbs-content":"","ast-featured-img":"","footer-sml-layout":"","ast-disable-related-posts":"","theme-transparent-header-meta":"default","adv-header-id-meta":"","stick-header-meta":"","header-above-stick-meta":"","header-main-stick-meta":"","header-below-stick-meta":"","astra-migrate-meta-layouts":"set","ast-page-background-enabled":"default","ast-page-background-meta":{"desktop":{"background-color":"","background-image":"","background-repeat":"repeat","background-position":"center center","background-size":"auto","background-attachment":"scroll","background-type":"","background-media":"","overlay-type":"","overlay-color":"","overlay-opacity":"","overlay-gradient":""},"tablet":{"background-color":"","background-image":"","background-repeat":"repeat","background-position":"center center","background-size":"auto","background-attachment":"scroll","background-type":"","background-media":"","overlay-type":"","overlay-color":"","overlay-opacity":"","overlay-gradient":""},"mobile":{"background-color":"","background-image":"","background-repeat":"repeat","background-position":"center center","background-size":"auto","background-attachment":"scroll","background-type":"","background-media":"","overlay-type":"","overlay-color":"","overlay-opacity":"","overlay-gradient":""}},"ast-content-background-meta":{"desktop":{"background-color":"var(--ast-global-color-5)","background-image":"","background-repeat":"repeat","background-position":"center center","background-size":"auto","background-attachment":"scroll","background-type":"","background-media":"","overlay-type":"","overlay-color":"","overlay-opacity":"","overlay-gradient":""},"tablet":{"background-color":"var(--ast-global-color-5)","background-image":"","background-repeat":"repeat","background-position":"center center","background-size":"auto","background-attachment":"scroll","background-type":"","background-media":"","overlay-type":"","overlay-color":"","overlay-opacity":"","overlay-gradient":""},"mobile":{"background-color":"var(--ast-global-color-5)","background-image":"","background-repeat":"repeat","background-position":"center center","background-size":"auto","background-attachment":"scroll","background-type":"","background-media":"","overlay-type":"","overlay-color":"","overlay-opacity":"","overlay-gradient":""}}},"product_brand":[],"product_cat":[33],"product_tag":[62,64,59,63],"class_list":{"0":"post-5185","1":"product","2":"type-product","3":"status-publish","4":"has-post-thumbnail","6":"product_cat-consoles-reconditionnees","7":"product_tag-edition-limitee","8":"product_tag-jailbreak","9":"product_tag-occasion","10":"product_tag-ps4-spider-man","11":"desktop-align-center","12":"tablet-align-left","13":"mobile-align-left","15":"first","16":"instock","17":"taxable","18":"shipping-taxable","19":"purchasable","20":"product-type-simple"},"_links":{"self":[{"href":"https:\/\/njstore.ma\/ar\/wp-json\/wp\/v2\/product\/5185","targetHints":{"allow":["GET"]}}],"collection":[{"href":"https:\/\/njstore.ma\/ar\/wp-json\/wp\/v2\/product"}],"about":[{"href":"https:\/\/njstore.ma\/ar\/wp-json\/wp\/v2\/types\/product"}],"replies":[{"embeddable":true,"href":"https:\/\/njstore.ma\/ar\/wp-json\/wp\/v2\/comments?post=5185"}],"wp:featuredmedia":[{"embeddable":true,"href":"https:\/\/njstore.ma\/ar\/wp-json\/wp\/v2\/media\/5186"}],"wp:attachment":[{"href":"https:\/\/njstore.ma\/ar\/wp-json\/wp\/v2\/media?parent=5185"}],"wp:term":[{"taxonomy":"product_brand","embeddable":true,"href":"https:\/\/njstore.ma\/ar\/wp-json\/wp\/v2\/product_brand?post=5185"},{"taxonomy":"product_cat","embeddable":true,"href":"https:\/\/njstore.ma\/ar\/wp-json\/wp\/v2\/product_cat?post=5185"},{"taxonomy":"product_tag","embeddable":true,"href":"https:\/\/njstore.ma\/ar\/wp-json\/wp\/v2\/product_tag?post=5185"}],"curies":[{"name":"wp","href":"https:\/\/api.w.org\/{rel}","templated":true}]}}