{"id":5194,"date":"2026-04-14T19:06:08","date_gmt":"2026-04-14T17:06:08","guid":{"rendered":"https:\/\/njstore.ma\/produit\/console-nintendo-switch-lite-edition-zelda-remise-a-neuf-pochette\/"},"modified":"2026-04-14T19:07:58","modified_gmt":"2026-04-14T17:07:58","slug":"console-nintendo-switch-lite-edition-zelda-remise-a-neuf-pochette","status":"publish","type":"product","link":"https:\/\/njstore.ma\/ar\/product\/console-nintendo-switch-lite-edition-zelda-remise-a-neuf-pochette\/","title":{"rendered":"\u0646\u064a\u0646\u062a\u0646\u062f\u0648 \u0633\u0648\u064a\u062a\u0634 \u0644\u0627\u064a\u062a \u0625\u0635\u062f\u0627\u0631 \u0632\u064a\u0644\u062f\u0627 - \u0645\u062c\u062f\u062f\u0629"},"content":{"rendered":"<p><strong>\u062f\u064a \u0645\u0639\u0627\u0643 \u0627\u0644\u0623\u0633\u0637\u0648\u0631\u0629 \u0641\u064a\u0646 \u0645\u0627 \u0645\u0634\u064a\u062a\u064a!<\/strong><\/p>\n<p>Cette magnifique <strong>Nintendo Switch Lite \u00c9dition Zelda<\/strong> \u0647\u0627\u062f \u0627\u0644\u0640 Switch Lite \u0644\u064a\u0645\u064a\u062a\u064a \u0625\u064a\u062f\u064a\u0634\u064a\u0646 \u0632\u064a\u0644\u062f\u0627 \u062e\u0641\u064a\u0641\u0629\u060c \u0648\u0627\u0639\u0631\u0629 \u0641\u064a \u0627\u0644\u0634\u0648\u0641\u0629\u060c \u0648\u0645\u0635\u0645\u0645\u0629 \u0628\u0627\u0634 \u062a\u0644\u0639\u0628 \u0628\u0631\u0627\u0633 \u0645\u0631\u0641\u0648\u0639. \u0627\u0644\u0628\u0627\u0643 \u0641\u064a\u0647 \u062d\u062a\u0649 \u0627\u0644\u0628\u0648\u0634\u064a\u0637 \u062f\u0648\u0631\u064a\u062c\u064a\u0646 \u062f\u064a\u0627\u0644 \u0632\u064a\u0644\u062f\u0627 \u0628\u0627\u0634 \u062a\u062d\u0627\u0641\u0638 \u0639\u0644\u064a\u0647\u0627.<\/p>\n<p><strong>\u0634\u0646\u0648 \u0643\u064a\u0639\u0646\u064a \"\u0645\u062c\u062f\u062f\u0629\" \u0639\u0646\u062f NjStore\u061f\n\u0647\u0627\u062f \u0627\u0644\u0643\u0648\u0646\u0633\u0648\u0644 \u062f\u0627\u0632\u062a \u0645\u0646 \u0627\u0644\u0648\u0631\u0634\u0629 \u062f\u064a\u0627\u0644\u0646\u0627 \u0641\u064a \u0627\u0644\u0642\u0646\u064a\u0637\u0631\u0629 \u0628\u0627\u0634 \u062a\u0631\u062c\u0639 \u0628\u062d\u0627\u0644 \u0627\u0644\u062c\u062f\u064a\u062f\u0629:<\/strong><br \/>\nAchetez en toute tranquillit\u00e9. Cette console a \u00e9t\u00e9 rigoureusement contr\u00f4l\u00e9e par notre atelier :<\/p>\n<ul>\n<li><strong>Z\u00e9ro Drift :<\/strong> \ud83d\udd79\ufe0f \u0645\u0627\u0646\u064a\u0637\u0627\u062a \u0646\u0627\u0636\u064a\u064a\u0646: \u0644\u064a \u062c\u0648\u064a\u0633\u062a\u064a\u0643 \u0645\u0642\u0627\u062f\u064a\u0646 \u0648\u0645\u0641\u064a\u0647\u0645\u0634 \u0645\u0634\u0643\u0644 \u0627\u0644\u0640 Drift \u0646\u0647\u0627\u0626\u064a\u0627.<\/li>\n<li><strong>Batterie Saine :<\/strong> \ud83d\udd0b \u0628\u0627\u062a\u0631\u064a \u0635\u062d\u064a\u062d: \u0645\u062c\u0631\u0628 \u0648\u0645\u0636\u0645\u0648\u0646 \u0628\u0627\u0634 \u064a\u0634\u062f \u0644\u064a\u0643 \u0627\u0644\u0648\u0642\u062a \u0641\u064a \u0627\u0644\u0644\u0639\u0628.<\/li>\n<li><strong>\u00c9tat Esth\u00e9tique :<\/strong> \u2728 \u0646\u0642\u064a\u0629: \u0627\u0644\u0634\u0627\u0634\u0629 \u0648\u0627\u0644\u0643\u0648\u0641\u0631 \u0628\u062d\u0627\u0644 \u064a\u0627\u0644\u0627\u0647 \u062e\u0631\u062c\u0627\u062a \u0645\u0646 \u0627\u0644\u0643\u0627\u0631\u0637\u0648\u0646\u0629.<\/li>\n<\/ul>\n<p><em>Inclus : Console Switch Lite \u00c9dition Zelda, Chargeur Officiel et Pochette de transport Zelda.<\/em><\/p>","protected":false},"excerpt":{"rendered":"<p>Switch Lite \u0644\u064a\u0645\u064a\u062a\u064a \u0625\u064a\u062f\u064a\u0634\u064a\u0646 \u0632\u064a\u0644\u062f\u0627 \u062e\u0641\u064a\u0641\u0629\u060c \u0648\u0627\u0639\u0631\u0629 \u0641\u064a \u0627\u0644\u0634\u0648\u0641\u0629\u060c \u0648\u0645\u0635\u0645\u0645\u0629 \u0628\u0627\u0634 \u062a\u0644\u0639\u0628 \u0628\u0631\u0627\u0633 \u0645\u0631\u0641\u0648\u0639. \u0627\u0644\u0628\u0627\u0643 \u0641\u064a\u0647 \u062d\u062a\u0649 \u0627\u0644\u0628\u0648\u0634\u064a\u0637 \u062f\u0648\u0631\u064a\u062c\u064a\u0646 \u062f\u064a\u0627\u0644 \u0632\u064a\u0644\u062f\u0627 \u0628\u0627\u0634 \u062a\u062d\u0627\u0641\u0638 \u0639\u0644\u064a\u0647\u0627.<\/p>","protected":false},"featured_media":5195,"comment_status":"open","ping_status":"closed","template":"","meta":{"site-sidebar-layout":"default","site-content-layout":"","ast-site-content-layout":"default","site-content-style":"default","site-sidebar-style":"default","ast-global-header-display":"","ast-banner-title-visibility":"","ast-main-header-display":"","ast-hfb-above-header-display":"","ast-hfb-below-header-display":"","ast-hfb-mobile-header-display":"","site-post-title":"","ast-breadcrumbs-content":"","ast-featured-img":"","footer-sml-layout":"","ast-disable-related-posts":"","theme-transparent-header-meta":"default","adv-header-id-meta":"","stick-header-meta":"","header-above-stick-meta":"","header-main-stick-meta":"","header-below-stick-meta":"","astra-migrate-meta-layouts":"set","ast-page-background-enabled":"default","ast-page-background-meta":{"desktop":{"background-color":"","background-image":"","background-repeat":"repeat","background-position":"center center","background-size":"auto","background-attachment":"scroll","background-type":"","background-media":"","overlay-type":"","overlay-color":"","overlay-opacity":"","overlay-gradient":""},"tablet":{"background-color":"","background-image":"","background-repeat":"repeat","background-position":"center center","background-size":"auto","background-attachment":"scroll","background-type":"","background-media":"","overlay-type":"","overlay-color":"","overlay-opacity":"","overlay-gradient":""},"mobile":{"background-color":"","background-image":"","background-repeat":"repeat","background-position":"center center","background-size":"auto","background-attachment":"scroll","background-type":"","background-media":"","overlay-type":"","overlay-color":"","overlay-opacity":"","overlay-gradient":""}},"ast-content-background-meta":{"desktop":{"background-color":"var(--ast-global-color-5)","background-image":"","background-repeat":"repeat","background-position":"center center","background-size":"auto","background-attachment":"scroll","background-type":"","background-media":"","overlay-type":"","overlay-color":"","overlay-opacity":"","overlay-gradient":""},"tablet":{"background-color":"var(--ast-global-color-5)","background-image":"","background-repeat":"repeat","background-position":"center center","background-size":"auto","background-attachment":"scroll","background-type":"","background-media":"","overlay-type":"","overlay-color":"","overlay-opacity":"","overlay-gradient":""},"mobile":{"background-color":"var(--ast-global-color-5)","background-image":"","background-repeat":"repeat","background-position":"center center","background-size":"auto","background-attachment":"scroll","background-type":"","background-media":"","overlay-type":"","overlay-color":"","overlay-opacity":"","overlay-gradient":""}}},"product_brand":[],"product_cat":[33],"product_tag":[77,74,59,76,75],"class_list":{"0":"post-5194","1":"product","2":"type-product","3":"status-publish","4":"has-post-thumbnail","6":"product_cat-consoles-reconditionnees","7":"product_tag-console-portable","8":"product_tag-nintendo-switch-lite","9":"product_tag-occasion","10":"product_tag-remis-a-neuf","11":"product_tag-zelda","12":"desktop-align-center","13":"tablet-align-left","14":"mobile-align-left","16":"first","17":"instock","18":"taxable","19":"shipping-taxable","20":"purchasable","21":"product-type-simple"},"_links":{"self":[{"href":"https:\/\/njstore.ma\/ar\/wp-json\/wp\/v2\/product\/5194","targetHints":{"allow":["GET"]}}],"collection":[{"href":"https:\/\/njstore.ma\/ar\/wp-json\/wp\/v2\/product"}],"about":[{"href":"https:\/\/njstore.ma\/ar\/wp-json\/wp\/v2\/types\/product"}],"replies":[{"embeddable":true,"href":"https:\/\/njstore.ma\/ar\/wp-json\/wp\/v2\/comments?post=5194"}],"wp:featuredmedia":[{"embeddable":true,"href":"https:\/\/njstore.ma\/ar\/wp-json\/wp\/v2\/media\/5195"}],"wp:attachment":[{"href":"https:\/\/njstore.ma\/ar\/wp-json\/wp\/v2\/media?parent=5194"}],"wp:term":[{"taxonomy":"product_brand","embeddable":true,"href":"https:\/\/njstore.ma\/ar\/wp-json\/wp\/v2\/product_brand?post=5194"},{"taxonomy":"product_cat","embeddable":true,"href":"https:\/\/njstore.ma\/ar\/wp-json\/wp\/v2\/product_cat?post=5194"},{"taxonomy":"product_tag","embeddable":true,"href":"https:\/\/njstore.ma\/ar\/wp-json\/wp\/v2\/product_tag?post=5194"}],"curies":[{"name":"wp","href":"https:\/\/api.w.org\/{rel}","templated":true}]}}